{"id":267,"date":"2019-05-24T20:15:46","date_gmt":"2019-05-25T01:15:46","guid":{"rendered":"https:\/\/sciesc.com.mx\/?page_id=267"},"modified":"2019-06-27T12:24:38","modified_gmt":"2019-06-27T17:24:38","slug":"auditoria-interna","status":"publish","type":"page","link":"https:\/\/sciesc.com.mx\/en\/servicios\/auditoria-interna\/","title":{"rendered":"Auditoria Interna, Externa y de Obra"},"content":{"rendered":"<div data-elementor-type=\"wp-post\" data-elementor-id=\"267\" class=\"elementor elementor-267\">\n\t\t\t\t\t\t<section class=\"elementor-section elementor-top-section elementor-element elementor-element-6eb4b22 elementor-section-content-middle elementor-section-boxed elementor-section-height-default elementor-section-height-default\" data-id=\"6eb4b22\" data-element_type=\"section\">\n\t\t\t\t\t\t<div class=\"elementor-container elementor-column-gap-default\">\n\t\t\t\t\t<div class=\"elementor-column elementor-col-50 elementor-top-column elementor-element elementor-element-2c86dcf\" data-id=\"2c86dcf\" data-element_type=\"column\">\n\t\t\t<div class=\"elementor-widget-wrap elementor-element-populated\">\n\t\t\t\t\t\t<div class=\"elementor-element elementor-element-d412056 elementor-widget elementor-widget-text-editor\" data-id=\"d412056\" data-element_type=\"widget\" data-widget_type=\"text-editor.default\">\n\t\t\t\t<div class=\"elementor-widget-container\">\n\t\t\t\t\t\t\t\t\t<p style=\"text-align: justify;\"><span style=\"color: #000000;\">La necesidad de contar con una funci\u00f3n de auditor\u00eda interna depende en gran medida en el incremento de sus operaciones y complejidad de las mismas, as\u00ed como en descansar los controles en la gente y no en procesos. Actualmente, las empresas l\u00edderes enfocan esta funci\u00f3n en la b\u00fasqueda de eficiencias en sus procesos y el fortalecimiento del control, m\u00e1s que en la detecci\u00f3n de desviaciones en su control interno. Contar con una funci\u00f3n de auditor\u00eda interna moderna puede implicar para las empresas la inversi\u00f3n de una gran cantidad de tiempo y por ende perder foco en sus actividades clave de negocio.<\/span><\/p>\n<p style=\"text-align: justify;\"><span style=\"color: #000000;\">Mediante nuestros servicios de Auditor\u00eda Interna ayudamos a la alta direcci\u00f3n a mantenerse enfocada en el crecimiento del negocio. Contamos con experiencia probada en la formaci\u00f3n y operaci\u00f3n de la funci\u00f3n de Auditor\u00eda Interna, as\u00ed como apoyando en revisiones especiales o dirigidas a los equipos de existentes de auditores internos en las empresas.<\/span><\/p>\t\t\t\t\t\t\t\t<\/div>\n\t\t\t\t<\/div>\n\t\t\t\t\t<\/div>\n\t\t<\/div>\n\t\t\t\t<div class=\"elementor-column elementor-col-50 elementor-top-column elementor-element elementor-element-7dab607\" data-id=\"7dab607\" data-element_type=\"column\">\n\t\t\t<div class=\"elementor-widget-wrap elementor-element-populated\">\n\t\t\t\t\t\t<div class=\"elementor-element elementor-element-302cd2c elementor-widget elementor-widget-image\" data-id=\"302cd2c\" data-element_type=\"widget\" data-widget_type=\"image.default\">\n\t\t\t\t<div class=\"elementor-widget-container\">\n\t\t\t\t\t\t\t\t\t\t\t\t\t\t\t<img fetchpriority=\"high\" decoding=\"async\" width=\"400\" height=\"400\" src=\"https:\/\/sciesc.com.mx\/wp-content\/uploads\/2019\/06\/architectural-design-architecture-buildings-998499_opt-400x400.jpg\" class=\"attachment-rdtheme-size6 size-rdtheme-size6 wp-image-487\" alt=\"\" srcset=\"https:\/\/sciesc.com.mx\/wp-content\/uploads\/2019\/06\/architectural-design-architecture-buildings-998499_opt-400x400.jpg 400w, https:\/\/sciesc.com.mx\/wp-content\/uploads\/2019\/06\/architectural-design-architecture-buildings-998499_opt-300x300.jpg 300w, https:\/\/sciesc.com.mx\/wp-content\/uploads\/2019\/06\/architectural-design-architecture-buildings-998499_opt-100x100.jpg 100w, https:\/\/sciesc.com.mx\/wp-content\/uploads\/2019\/06\/architectural-design-architecture-buildings-998499_opt-150x150.jpg 150w\" sizes=\"(max-width: 400px) 100vw, 400px\" \/>\t\t\t\t\t\t\t\t\t\t\t\t\t\t\t<\/div>\n\t\t\t\t<\/div>\n\t\t\t\t\t<\/div>\n\t\t<\/div>\n\t\t\t\t\t<\/div>\n\t\t<\/section>\n\t\t\t\t<section class=\"elementor-section elementor-top-section elementor-element elementor-element-55aeeb2 elementor-section-boxed elementor-section-height-default elementor-section-height-default\" data-id=\"55aeeb2\" data-element_type=\"section\">\n\t\t\t\t\t\t<div class=\"elementor-container elementor-column-gap-default\">\n\t\t\t\t\t<div class=\"elementor-column elementor-col-100 elementor-top-column elementor-element elementor-element-0051788\" data-id=\"0051788\" data-element_type=\"column\">\n\t\t\t<div class=\"elementor-widget-wrap elementor-element-populated\">\n\t\t\t\t\t\t<div class=\"elementor-element elementor-element-9266898 elementor-widget elementor-widget-spacer\" data-id=\"9266898\" data-element_type=\"widget\" data-widget_type=\"spacer.default\">\n\t\t\t\t<div class=\"elementor-widget-container\">\n\t\t\t\t\t\t\t<div class=\"elementor-spacer\">\n\t\t\t<div class=\"elementor-spacer-inner\"><\/div>\n\t\t<\/div>\n\t\t\t\t\t\t<\/div>\n\t\t\t\t<\/div>\n\t\t\t\t\t<\/div>\n\t\t<\/div>\n\t\t\t\t\t<\/div>\n\t\t<\/section>\n\t\t\t\t<section class=\"elementor-section elementor-top-section elementor-element elementor-element-64a88203 elementor-section-boxed elementor-section-height-default elementor-section-height-default\" data-id=\"64a88203\" data-element_type=\"section\">\n\t\t\t\t\t\t<div class=\"elementor-container elementor-column-gap-wider\">\n\t\t\t\t\t<div class=\"elementor-column elementor-col-50 elementor-top-column elementor-element elementor-element-47095798\" data-id=\"47095798\" data-element_type=\"column\">\n\t\t\t<div class=\"elementor-widget-wrap elementor-element-populated\">\n\t\t\t\t\t\t<div class=\"elementor-element elementor-element-7bd4182f elementor-widget elementor-widget-heading\" data-id=\"7bd4182f\" data-element_type=\"widget\" data-widget_type=\"heading.default\">\n\t\t\t\t<div class=\"elementor-widget-container\">\n\t\t\t\t\t<h3 class=\"elementor-heading-title elementor-size-default\">Auditor\u00eda Interna en Procesos y Tecnolog\u00eda de\nInformaci\u00f3n<\/h3>\t\t\t\t<\/div>\n\t\t\t\t<\/div>\n\t\t\t\t<div class=\"elementor-element elementor-element-23d37a66 elementor-widget-divider--view-line elementor-widget elementor-widget-divider\" data-id=\"23d37a66\" data-element_type=\"widget\" data-widget_type=\"divider.default\">\n\t\t\t\t<div class=\"elementor-widget-container\">\n\t\t\t\t\t\t\t<div class=\"elementor-divider\">\n\t\t\t<span class=\"elementor-divider-separator\">\n\t\t\t\t\t\t<\/span>\n\t\t<\/div>\n\t\t\t\t\t\t<\/div>\n\t\t\t\t<\/div>\n\t\t\t\t<div class=\"elementor-element elementor-element-7ccc5e2 elementor-widget elementor-widget-text-editor\" data-id=\"7ccc5e2\" data-element_type=\"widget\" data-widget_type=\"text-editor.default\">\n\t\t\t\t<div class=\"elementor-widget-container\">\n\t\t\t\t\t\t\t\t\t<p style=\"text-align: justify;\"><span style=\"color: #000000;\">Evaluamos la funci\u00f3n de auditor\u00eda interna para identificar<\/span>\n<span style=\"color: #000000;\">\u00e1reas de mejora en sus planes de trabajo y colaboramos<\/span>\n<span style=\"color: #000000;\">con la Direcci\u00f3n de las empresas en el cumplimiento de<\/span>\n<span style=\"color: #000000;\">sus funciones y responsabilidades, verificando as\u00ed la<\/span>\n<span style=\"color: #000000;\">confiabilidad y grado de razonabilidad de la informaci\u00f3n<\/span>\n<span style=\"color: #000000;\">generada en los diferentes niveles de la organizaci\u00f3n, as\u00ed<\/span>\n<span style=\"color: #000000;\">como vigilar el buen funcionamiento del sistema de control<\/span>\n<span style=\"color: #000000;\">interno.<\/span><\/p>\n<p style=\"text-align: justify;\">\n<span style=\"color: #000000;\">Nuestra metodolog\u00eda incluye el enfoque tanto en procesos<\/span>\n<span style=\"color: #000000;\">como en tecnolog\u00edas de informaci\u00f3n. Adicionalmente<\/span>\n<span style=\"color: #000000;\">nuestro nivel de experiencia nos permite transmitir el<\/span>\n<span style=\"color: #000000;\">conocimiento al personal de nuestros clientes complemen-<\/span>\n<span style=\"color: #000000;\">tando de esta manera su equipo de trabajo, asegurando<\/span>\n<span style=\"color: #000000;\">que est\u00e9n alineados a los objetivos del negocio.<\/span><\/p>\t\t\t\t\t\t\t\t<\/div>\n\t\t\t\t<\/div>\n\t\t\t\t\t<\/div>\n\t\t<\/div>\n\t\t\t\t<div class=\"elementor-column elementor-col-50 elementor-top-column elementor-element elementor-element-1f2bdd32\" data-id=\"1f2bdd32\" data-element_type=\"column\">\n\t\t\t<div class=\"elementor-widget-wrap elementor-element-populated\">\n\t\t\t\t\t\t<div class=\"elementor-element elementor-element-27a49490 elementor-widget elementor-widget-heading\" data-id=\"27a49490\" data-element_type=\"widget\" data-widget_type=\"heading.default\">\n\t\t\t\t<div class=\"elementor-widget-container\">\n\t\t\t\t\t<h3 class=\"elementor-heading-title elementor-size-default\">Soluciones<\/h3>\t\t\t\t<\/div>\n\t\t\t\t<\/div>\n\t\t\t\t<div class=\"elementor-element elementor-element-9f55058 elementor-widget-divider--view-line elementor-widget elementor-widget-divider\" data-id=\"9f55058\" data-element_type=\"widget\" data-widget_type=\"divider.default\">\n\t\t\t\t<div class=\"elementor-widget-container\">\n\t\t\t\t\t\t\t<div class=\"elementor-divider\">\n\t\t\t<span class=\"elementor-divider-separator\">\n\t\t\t\t\t\t<\/span>\n\t\t<\/div>\n\t\t\t\t\t\t<\/div>\n\t\t\t\t<\/div>\n\t\t\t\t<div class=\"elementor-element elementor-element-3cd570b elementor-widget elementor-widget-text-editor\" data-id=\"3cd570b\" data-element_type=\"widget\" data-widget_type=\"text-editor.default\">\n\t\t\t\t<div class=\"elementor-widget-container\">\n\t\t\t\t\t\t\t\t\t<p style=\"text-align: justify;\"><span style=\"color: #000000;\">Nuestra oferta contempla lo siguiente:<\/span><\/p><ul><li style=\"text-align: justify;\"><span style=\"color: #000000;\">Funci\u00f3n de Auditor\u00eda Interna en Outsourcing\/CoSourcing<\/span><\/li><li style=\"text-align: justify;\"><span style=\"color: #000000;\">Evaluaci\u00f3n de la funci\u00f3n de auditor\u00eda interna<\/span><\/li><li style=\"text-align: jusitfy;\"><span style=\"color: #000000;\">Dise\u00f1o del plan anual y programa de trabajo de auditor\u00eda interna<\/span><\/li><li style=\"text-align: justify;\"><span style=\"color: #000000;\">Dise\u00f1o y\/o ejecuci\u00f3n de pruebas de auditor\u00eda interna<\/span><\/li><li style=\"text-align: justify;\"><span style=\"color: #000000;\">An\u00e1lisis y\/o definiciones de segregaci\u00f3n de funciones (SD) y control de accesos (AC) en el ERP con mayor especializaci\u00f3n en SAP<\/span><\/li><li style=\"text-align: justify;\"><span style=\"color: #000000;\">Capacitaci\u00f3n en metodolog\u00eda de AI con base en riesgos de negocio.<\/span><\/li><\/ul>\t\t\t\t\t\t\t\t<\/div>\n\t\t\t\t<\/div>\n\t\t\t\t\t<\/div>\n\t\t<\/div>\n\t\t\t\t\t<\/div>\n\t\t<\/section>\n\t\t\t\t<\/div>","protected":false},"excerpt":{"rendered":"<p>La necesidad de contar con una funci\u00f3n de auditor\u00eda interna depende en gran medida en el incremento de sus operaciones y complejidad de las mismas, as\u00ed como en descansar los controles en la gente y no en procesos. Actualmente, las empresas l\u00edderes enfocan esta funci\u00f3n en la b\u00fasqueda de eficiencias en sus procesos y el [&hellip;]<\/p>","protected":false},"author":1,"featured_media":0,"parent":11,"menu_order":0,"comment_status":"closed","ping_status":"closed","template":"","meta":{"footnotes":""},"class_list":["post-267","page","type-page","status-publish","hentry"],"_links":{"self":[{"href":"https:\/\/sciesc.com.mx\/en\/wp-json\/wp\/v2\/pages\/267","targetHints":{"allow":["GET"]}}],"collection":[{"href":"https:\/\/sciesc.com.mx\/en\/wp-json\/wp\/v2\/pages"}],"about":[{"href":"https:\/\/sciesc.com.mx\/en\/wp-json\/wp\/v2\/types\/page"}],"author":[{"embeddable":true,"href":"https:\/\/sciesc.com.mx\/en\/wp-json\/wp\/v2\/users\/1"}],"replies":[{"embeddable":true,"href":"https:\/\/sciesc.com.mx\/en\/wp-json\/wp\/v2\/comments?post=267"}],"version-history":[{"count":27,"href":"https:\/\/sciesc.com.mx\/en\/wp-json\/wp\/v2\/pages\/267\/revisions"}],"predecessor-version":[{"id":605,"href":"https:\/\/sciesc.com.mx\/en\/wp-json\/wp\/v2\/pages\/267\/revisions\/605"}],"up":[{"embeddable":true,"href":"https:\/\/sciesc.com.mx\/en\/wp-json\/wp\/v2\/pages\/11"}],"wp:attachment":[{"href":"https:\/\/sciesc.com.mx\/en\/wp-json\/wp\/v2\/media?parent=267"}],"curies":[{"name":"wp","href":"https:\/\/api.w.org\/{rel}","templated":true}]}}