{"id":271,"date":"2019-05-24T20:16:22","date_gmt":"2019-05-25T01:16:22","guid":{"rendered":"https:\/\/sciesc.com.mx\/?page_id=271"},"modified":"2023-09-26T08:53:05","modified_gmt":"2023-09-26T14:53:05","slug":"asesoria-en-politicas","status":"publish","type":"page","link":"https:\/\/sciesc.com.mx\/en\/servicios\/asesoria-en-politicas\/","title":{"rendered":"Asesor\u00eda en Pol\u00edticas Procesos y Negocio"},"content":{"rendered":"<div data-elementor-type=\"wp-post\" data-elementor-id=\"271\" class=\"elementor elementor-271\">\n\t\t\t\t\t\t<section class=\"elementor-section elementor-top-section elementor-element elementor-element-0cace62 elementor-section-content-middle elementor-section-boxed elementor-section-height-default elementor-section-height-default\" data-id=\"0cace62\" data-element_type=\"section\">\n\t\t\t\t\t\t<div class=\"elementor-container elementor-column-gap-default\">\n\t\t\t\t\t<div class=\"elementor-column elementor-col-50 elementor-top-column elementor-element elementor-element-4773750\" data-id=\"4773750\" data-element_type=\"column\">\n\t\t\t<div class=\"elementor-widget-wrap elementor-element-populated\">\n\t\t\t\t\t\t<div class=\"elementor-element elementor-element-2633c61 elementor-widget elementor-widget-text-editor\" data-id=\"2633c61\" data-element_type=\"widget\" data-widget_type=\"text-editor.default\">\n\t\t\t\t<div class=\"elementor-widget-container\">\n\t\t\t\t\t\t\t\t\t<p style=\"text-align: justify;\"><span style=\"color: #000000;\">En las organizaciones actuales es com\u00fan que se realicen ejercicios de planeaci\u00f3n estrat\u00e9gica para definir sus metas y objetivos de corto, mediano y largo plazo, sin embargo, no siempre se tienen los mecanismos para implementarlos o bien, sus procesos de negocio no est\u00e1n alineados del todo con la estrategia.<\/span><\/p>\t\t\t\t\t\t\t\t<\/div>\n\t\t\t\t<\/div>\n\t\t\t\t\t<\/div>\n\t\t<\/div>\n\t\t\t\t<div class=\"elementor-column elementor-col-50 elementor-top-column elementor-element elementor-element-3d74bce\" data-id=\"3d74bce\" data-element_type=\"column\">\n\t\t\t<div class=\"elementor-widget-wrap elementor-element-populated\">\n\t\t\t\t\t\t<div class=\"elementor-element elementor-element-0d1e959 elementor-widget elementor-widget-image\" data-id=\"0d1e959\" data-element_type=\"widget\" data-widget_type=\"image.default\">\n\t\t\t\t<div class=\"elementor-widget-container\">\n\t\t\t\t\t\t\t\t\t\t\t\t\t\t\t<img decoding=\"async\" src=\"https:\/\/sciesc.com.mx\/wp-content\/uploads\/elementor\/thumbs\/architectural-design-architecture-buildings-998499_opt-r6qsk4fu46iiwed92kt1lg6ypg7n5yn8hexdtrql00.jpg\" title=\"architectural-design-architecture-buildings-998499_opt\" alt=\"architectural-design-architecture-buildings-998499_opt\" loading=\"lazy\" \/>\t\t\t\t\t\t\t\t\t\t\t\t\t\t\t<\/div>\n\t\t\t\t<\/div>\n\t\t\t\t\t<\/div>\n\t\t<\/div>\n\t\t\t\t\t<\/div>\n\t\t<\/section>\n\t\t\t\t<section class=\"elementor-section elementor-top-section elementor-element elementor-element-5ecfb85 elementor-section-boxed elementor-section-height-default elementor-section-height-default\" data-id=\"5ecfb85\" data-element_type=\"section\">\n\t\t\t\t\t\t<div class=\"elementor-container elementor-column-gap-wider\">\n\t\t\t\t\t<div class=\"elementor-column elementor-col-50 elementor-top-column elementor-element elementor-element-90b39a3\" data-id=\"90b39a3\" data-element_type=\"column\">\n\t\t\t<div class=\"elementor-widget-wrap elementor-element-populated\">\n\t\t\t\t\t\t<div class=\"elementor-element elementor-element-d1ad98d elementor-widget elementor-widget-heading\" data-id=\"d1ad98d\" data-element_type=\"widget\" data-widget_type=\"heading.default\">\n\t\t\t\t<div class=\"elementor-widget-container\">\n\t\t\t\t\t<h3 class=\"elementor-heading-title elementor-size-default\">Definici\u00f3n de metas y objetivos estrat\u00e9ticos<\/h3>\t\t\t\t<\/div>\n\t\t\t\t<\/div>\n\t\t\t\t<div class=\"elementor-element elementor-element-57683c2 elementor-widget-divider--view-line elementor-widget elementor-widget-divider\" data-id=\"57683c2\" data-element_type=\"widget\" data-widget_type=\"divider.default\">\n\t\t\t\t<div class=\"elementor-widget-container\">\n\t\t\t\t\t\t\t<div class=\"elementor-divider\">\n\t\t\t<span class=\"elementor-divider-separator\">\n\t\t\t\t\t\t<\/span>\n\t\t<\/div>\n\t\t\t\t\t\t<\/div>\n\t\t\t\t<\/div>\n\t\t\t\t<div class=\"elementor-element elementor-element-055c49c elementor-widget elementor-widget-text-editor\" data-id=\"055c49c\" data-element_type=\"widget\" data-widget_type=\"text-editor.default\">\n\t\t\t\t<div class=\"elementor-widget-container\">\n\t\t\t\t\t\t\t\t\t<p style=\"text-align: justify;\"><span style=\"color: #000000;\">Apoyamos a las empresas en crecimiento en la definici\u00f3n o redefinici\u00f3n de sus metas y objetivos estrat\u00e9gicos, as\u00ed como en el dise\u00f1o o ajustes a sus procesos.<\/span><\/p>\n<p style=\"text-align: justify;\"><span style=\"color: #000000;\">Entendemos lo dif\u00edcil que resulta para las empresas separarse de la operaci\u00f3n y atender las distintas iniciativas estrat\u00e9gicas. En SCIESC tenemos la experiencia y las capacidades que permiten a nuestros clientes mantenerse enfocados en su negocio.<\/span><\/p>\n<p style=\"text-align: justify;\"><span style=\"color: #000000;\">Tenemos experiencia en el dise\u00f1o e implementaci\u00f3n de mejoras en procesos bajo ambientes de trabajo complejos. Nuestras t\u00e1cticas y metodolog\u00edas permiten que los cambios propuestos sean adoptados de manera permanente en la organizaci\u00f3n logrando transferir el conocimiento a la organizaci\u00f3n.<\/span><\/p>\t\t\t\t\t\t\t\t<\/div>\n\t\t\t\t<\/div>\n\t\t\t\t\t<\/div>\n\t\t<\/div>\n\t\t\t\t<div class=\"elementor-column elementor-col-50 elementor-top-column elementor-element elementor-element-58161aa\" data-id=\"58161aa\" data-element_type=\"column\">\n\t\t\t<div class=\"elementor-widget-wrap elementor-element-populated\">\n\t\t\t\t\t\t<div class=\"elementor-element elementor-element-55acee2 elementor-widget elementor-widget-heading\" data-id=\"55acee2\" data-element_type=\"widget\" data-widget_type=\"heading.default\">\n\t\t\t\t<div class=\"elementor-widget-container\">\n\t\t\t\t\t<h3 class=\"elementor-heading-title elementor-size-default\">Soluciones<\/h3>\t\t\t\t<\/div>\n\t\t\t\t<\/div>\n\t\t\t\t<div class=\"elementor-element elementor-element-5d30b0a elementor-widget-divider--view-line elementor-widget elementor-widget-divider\" data-id=\"5d30b0a\" data-element_type=\"widget\" data-widget_type=\"divider.default\">\n\t\t\t\t<div class=\"elementor-widget-container\">\n\t\t\t\t\t\t\t<div class=\"elementor-divider\">\n\t\t\t<span class=\"elementor-divider-separator\">\n\t\t\t\t\t\t<\/span>\n\t\t<\/div>\n\t\t\t\t\t\t<\/div>\n\t\t\t\t<\/div>\n\t\t\t\t<div class=\"elementor-element elementor-element-f38ba4d elementor-widget elementor-widget-text-editor\" data-id=\"f38ba4d\" data-element_type=\"widget\" data-widget_type=\"text-editor.default\">\n\t\t\t\t<div class=\"elementor-widget-container\">\n\t\t\t\t\t\t\t\t\t<p style=\"text-align: justify;\"><span style=\"color: #000000;\">Nuestras soluciones contemplan el uso de herramientas de tecnolog\u00eda acordes a las necesidades de cada cliente.<\/span><\/p><ul><li><span style=\"color: #222222;\">Alineaci\u00f3n de la estrategia y transformaci\u00f3n de procesos.<\/span><\/li><li><span style=\"color: #222222;\">Implementaci\u00f3n de cambios en los procesos de negocio.<\/span><\/li><li><span style=\"color: #222222;\">An\u00e1lisis del nivel utilizaci\u00f3n \/ explotaci\u00f3n de SAP.<\/span><\/li><li><span style=\"color: #222222;\">Asignaci\u00f3n de recursos especializados en SAP.<\/span><\/li><\/ul>\t\t\t\t\t\t\t\t<\/div>\n\t\t\t\t<\/div>\n\t\t\t\t\t<\/div>\n\t\t<\/div>\n\t\t\t\t\t<\/div>\n\t\t<\/section>\n\t\t\t\t<section class=\"elementor-section elementor-top-section elementor-element elementor-element-bad4fc7 elementor-section-boxed elementor-section-height-default elementor-section-height-default\" data-id=\"bad4fc7\" data-element_type=\"section\">\n\t\t\t\t\t\t<div class=\"elementor-container elementor-column-gap-default\">\n\t\t\t\t\t<div class=\"elementor-column elementor-col-100 elementor-top-column elementor-element elementor-element-568c769\" data-id=\"568c769\" data-element_type=\"column\">\n\t\t\t<div class=\"elementor-widget-wrap elementor-element-populated\">\n\t\t\t\t\t\t<div class=\"elementor-element elementor-element-35e45bb elementor-widget elementor-widget-spacer\" data-id=\"35e45bb\" data-element_type=\"widget\" data-widget_type=\"spacer.default\">\n\t\t\t\t<div class=\"elementor-widget-container\">\n\t\t\t\t\t\t\t<div class=\"elementor-spacer\">\n\t\t\t<div class=\"elementor-spacer-inner\"><\/div>\n\t\t<\/div>\n\t\t\t\t\t\t<\/div>\n\t\t\t\t<\/div>\n\t\t\t\t\t<\/div>\n\t\t<\/div>\n\t\t\t\t\t<\/div>\n\t\t<\/section>\n\t\t\t\t<section class=\"elementor-section elementor-top-section elementor-element elementor-element-93d0ec0 elementor-section-boxed elementor-section-height-default elementor-section-height-default\" data-id=\"93d0ec0\" data-element_type=\"section\">\n\t\t\t\t\t\t<div class=\"elementor-container elementor-column-gap-default\">\n\t\t\t\t\t<div class=\"elementor-column elementor-col-100 elementor-top-column elementor-element elementor-element-add8145\" data-id=\"add8145\" data-element_type=\"column\">\n\t\t\t<div class=\"elementor-widget-wrap elementor-element-populated\">\n\t\t\t\t\t\t<div class=\"elementor-element elementor-element-c394b80 elementor-widget-divider--view-line elementor-widget elementor-widget-divider\" data-id=\"c394b80\" data-element_type=\"widget\" data-widget_type=\"divider.default\">\n\t\t\t\t<div class=\"elementor-widget-container\">\n\t\t\t\t\t\t\t<div class=\"elementor-divider\">\n\t\t\t<span class=\"elementor-divider-separator\">\n\t\t\t\t\t\t<\/span>\n\t\t<\/div>\n\t\t\t\t\t\t<\/div>\n\t\t\t\t<\/div>\n\t\t\t\t<div class=\"elementor-element elementor-element-453976e elementor-widget elementor-widget-heading\" data-id=\"453976e\" data-element_type=\"widget\" data-widget_type=\"heading.default\">\n\t\t\t\t<div class=\"elementor-widget-container\">\n\t\t\t\t\t<h2 class=\"elementor-heading-title elementor-size-default\">Metodolog\u00eda<\/h2>\t\t\t\t<\/div>\n\t\t\t\t<\/div>\n\t\t\t\t<div class=\"elementor-element elementor-element-68b01ac elementor-widget-divider--view-line elementor-widget elementor-widget-divider\" data-id=\"68b01ac\" data-element_type=\"widget\" data-widget_type=\"divider.default\">\n\t\t\t\t<div class=\"elementor-widget-container\">\n\t\t\t\t\t\t\t<div class=\"elementor-divider\">\n\t\t\t<span class=\"elementor-divider-separator\">\n\t\t\t\t\t\t<\/span>\n\t\t<\/div>\n\t\t\t\t\t\t<\/div>\n\t\t\t\t<\/div>\n\t\t\t\t<section class=\"elementor-section elementor-inner-section elementor-element elementor-element-5b06f9b elementor-section-content-middle elementor-section-boxed elementor-section-height-default elementor-section-height-default\" data-id=\"5b06f9b\" data-element_type=\"section\">\n\t\t\t\t\t\t<div class=\"elementor-container elementor-column-gap-default\">\n\t\t\t\t\t<div class=\"elementor-column elementor-col-50 elementor-inner-column elementor-element elementor-element-e418773\" data-id=\"e418773\" data-element_type=\"column\">\n\t\t\t<div class=\"elementor-widget-wrap elementor-element-populated\">\n\t\t\t\t\t\t<div class=\"elementor-element elementor-element-d76c5a2 elementor-widget elementor-widget-text-editor\" data-id=\"d76c5a2\" data-element_type=\"widget\" data-widget_type=\"text-editor.default\">\n\t\t\t\t<div class=\"elementor-widget-container\">\n\t\t\t\t\t\t\t\t\t<p style=\"text-align: justify;\"><span style=\"color: #000000;\">Continuous Process Improvement (Mejora Continua de Procesos), es una filosof\u00eda de trabajo que tiene como meta la b\u00fasqueda interminable de la excelencia a trav\u00e9s de toda organizaci\u00f3n con la participaci\u00f3n activa de todos los colaboradores bajo una sola forma de trabajo (WoW*)<\/span><\/p>\n<p style=\"text-align: justify;\"><span style=\"color: #000000;\">Nuestra forma de atacar los problemas es usando la metodolog\u00eda DMAIC de Lean Six Sigma, asegur\u00e1ndonos de abordar las prioridades del negocio, replicando y compartiendo las mejores pr\u00e1cticas.<\/span><\/p>\t\t\t\t\t\t\t\t<\/div>\n\t\t\t\t<\/div>\n\t\t\t\t\t<\/div>\n\t\t<\/div>\n\t\t\t\t<div class=\"elementor-column elementor-col-50 elementor-inner-column elementor-element elementor-element-e58426b\" data-id=\"e58426b\" data-element_type=\"column\">\n\t\t\t<div class=\"elementor-widget-wrap elementor-element-populated\">\n\t\t\t\t\t\t<div class=\"elementor-element elementor-element-0192e96 elementor-widget elementor-widget-image\" data-id=\"0192e96\" data-element_type=\"widget\" data-widget_type=\"image.default\">\n\t\t\t\t<div class=\"elementor-widget-container\">\n\t\t\t\t\t\t\t\t\t\t\t\t\t\t\t<img fetchpriority=\"high\" decoding=\"async\" width=\"400\" height=\"400\" src=\"https:\/\/sciesc.com.mx\/wp-content\/uploads\/2019\/06\/image2-400x400.png\" class=\"attachment-rdtheme-size6 size-rdtheme-size6 wp-image-532\" alt=\"\" srcset=\"https:\/\/sciesc.com.mx\/wp-content\/uploads\/2019\/06\/image2-400x400.png 400w, https:\/\/sciesc.com.mx\/wp-content\/uploads\/2019\/06\/image2-300x300.png 300w, https:\/\/sciesc.com.mx\/wp-content\/uploads\/2019\/06\/image2-100x100.png 100w, https:\/\/sciesc.com.mx\/wp-content\/uploads\/2019\/06\/image2-150x150.png 150w, https:\/\/sciesc.com.mx\/wp-content\/uploads\/2019\/06\/image2-500x501.png 500w\" sizes=\"(max-width: 400px) 100vw, 400px\" \/>\t\t\t\t\t\t\t\t\t\t\t\t\t\t\t<\/div>\n\t\t\t\t<\/div>\n\t\t\t\t\t<\/div>\n\t\t<\/div>\n\t\t\t\t\t<\/div>\n\t\t<\/section>\n\t\t\t\t<div class=\"elementor-element elementor-element-f99d268 elementor-widget elementor-widget-heading\" data-id=\"f99d268\" data-element_type=\"widget\" data-widget_type=\"heading.default\">\n\t\t\t\t<div class=\"elementor-widget-container\">\n\t\t\t\t\t<h2 class=\"elementor-heading-title elementor-size-default\">Beneficios<\/h2>\t\t\t\t<\/div>\n\t\t\t\t<\/div>\n\t\t\t\t<div class=\"elementor-element elementor-element-3235977 elementor-widget-divider--view-line elementor-widget elementor-widget-divider\" data-id=\"3235977\" data-element_type=\"widget\" data-widget_type=\"divider.default\">\n\t\t\t\t<div class=\"elementor-widget-container\">\n\t\t\t\t\t\t\t<div class=\"elementor-divider\">\n\t\t\t<span class=\"elementor-divider-separator\">\n\t\t\t\t\t\t<\/span>\n\t\t<\/div>\n\t\t\t\t\t\t<\/div>\n\t\t\t\t<\/div>\n\t\t\t\t<section class=\"elementor-section elementor-inner-section elementor-element elementor-element-6a2bf20 elementor-section-boxed elementor-section-height-default elementor-section-height-default\" data-id=\"6a2bf20\" data-element_type=\"section\">\n\t\t\t\t\t\t<div class=\"elementor-container elementor-column-gap-default\">\n\t\t\t\t\t<div class=\"elementor-column elementor-col-50 elementor-inner-column elementor-element elementor-element-c5531d9\" data-id=\"c5531d9\" data-element_type=\"column\">\n\t\t\t<div class=\"elementor-widget-wrap elementor-element-populated\">\n\t\t\t\t\t\t<div class=\"elementor-element elementor-element-d6e5a34 elementor-widget elementor-widget-image\" data-id=\"d6e5a34\" data-element_type=\"widget\" data-widget_type=\"image.default\">\n\t\t\t\t<div class=\"elementor-widget-container\">\n\t\t\t\t\t\t\t\t\t\t\t\t\t\t\t<img decoding=\"async\" width=\"1024\" height=\"391\" src=\"https:\/\/sciesc.com.mx\/wp-content\/uploads\/2019\/06\/image1-1024x391.png\" class=\"attachment-large size-large wp-image-531\" alt=\"\" srcset=\"https:\/\/sciesc.com.mx\/wp-content\/uploads\/2019\/06\/image1-1024x391.png 1024w, https:\/\/sciesc.com.mx\/wp-content\/uploads\/2019\/06\/image1-600x229.png 600w, https:\/\/sciesc.com.mx\/wp-content\/uploads\/2019\/06\/image1-300x115.png 300w, https:\/\/sciesc.com.mx\/wp-content\/uploads\/2019\/06\/image1-768x294.png 768w, https:\/\/sciesc.com.mx\/wp-content\/uploads\/2019\/06\/image1.png 1936w\" sizes=\"(max-width: 1024px) 100vw, 1024px\" \/>\t\t\t\t\t\t\t\t\t\t\t\t\t\t\t<\/div>\n\t\t\t\t<\/div>\n\t\t\t\t\t<\/div>\n\t\t<\/div>\n\t\t\t\t<div class=\"elementor-column elementor-col-50 elementor-inner-column elementor-element elementor-element-78f807a\" data-id=\"78f807a\" data-element_type=\"column\">\n\t\t\t<div class=\"elementor-widget-wrap elementor-element-populated\">\n\t\t\t\t\t\t<div class=\"elementor-element elementor-element-0f691f4 elementor-widget elementor-widget-image\" data-id=\"0f691f4\" data-element_type=\"widget\" data-widget_type=\"image.default\">\n\t\t\t\t<div class=\"elementor-widget-container\">\n\t\t\t\t\t\t\t\t\t\t\t\t\t\t\t<img decoding=\"async\" width=\"1024\" height=\"431\" src=\"https:\/\/sciesc.com.mx\/wp-content\/uploads\/2019\/06\/image6-1024x431.png\" class=\"attachment-large size-large wp-image-533\" alt=\"\" srcset=\"https:\/\/sciesc.com.mx\/wp-content\/uploads\/2019\/06\/image6-1024x431.png 1024w, https:\/\/sciesc.com.mx\/wp-content\/uploads\/2019\/06\/image6-600x252.png 600w, https:\/\/sciesc.com.mx\/wp-content\/uploads\/2019\/06\/image6-300x126.png 300w, https:\/\/sciesc.com.mx\/wp-content\/uploads\/2019\/06\/image6-768x323.png 768w, https:\/\/sciesc.com.mx\/wp-content\/uploads\/2019\/06\/image6.png 1401w\" sizes=\"(max-width: 1024px) 100vw, 1024px\" \/>\t\t\t\t\t\t\t\t\t\t\t\t\t\t\t<\/div>\n\t\t\t\t<\/div>\n\t\t\t\t\t<\/div>\n\t\t<\/div>\n\t\t\t\t\t<\/div>\n\t\t<\/section>\n\t\t\t\t\t<\/div>\n\t\t<\/div>\n\t\t\t\t\t<\/div>\n\t\t<\/section>\n\t\t\t\t<section class=\"elementor-section elementor-top-section elementor-element elementor-element-0bd1933 elementor-section-boxed elementor-section-height-default elementor-section-height-default\" data-id=\"0bd1933\" data-element_type=\"section\">\n\t\t\t\t\t\t<div class=\"elementor-container elementor-column-gap-default\">\n\t\t\t\t\t<div class=\"elementor-column elementor-col-100 elementor-top-column elementor-element elementor-element-b3cc62d\" data-id=\"b3cc62d\" data-element_type=\"column\">\n\t\t\t<div class=\"elementor-widget-wrap elementor-element-populated\">\n\t\t\t\t\t\t<div class=\"elementor-element elementor-element-8dc60a7 elementor-widget__width-inherit elementor-widget elementor-widget-image\" data-id=\"8dc60a7\" data-element_type=\"widget\" data-widget_type=\"image.default\">\n\t\t\t\t<div class=\"elementor-widget-container\">\n\t\t\t\t\t\t\t\t\t\t\t\t\t\t\t<img decoding=\"async\" src=\"https:\/\/sciesc.com.mx\/wp-content\/uploads\/elementor\/thumbs\/nuetrosServicios-1-r6qsk4gpsf2xpp6wigodlpsefymeve6an17hs58bw0.png\" title=\"nuetrosServicios (1)\" alt=\"nuetrosServicios (1)\" loading=\"lazy\" \/>\t\t\t\t\t\t\t\t\t\t\t\t\t\t\t<\/div>\n\t\t\t\t<\/div>\n\t\t\t\t\t<\/div>\n\t\t<\/div>\n\t\t\t\t\t<\/div>\n\t\t<\/section>\n\t\t\t\t<\/div>","protected":false},"excerpt":{"rendered":"<p>En las organizaciones actuales es com\u00fan que se realicen ejercicios de planeaci\u00f3n estrat\u00e9gica para definir sus metas y objetivos de corto, mediano y largo plazo, sin embargo, no siempre se tienen los mecanismos para implementarlos o bien, sus procesos de negocio no est\u00e1n alineados del todo con la estrategia. Definici\u00f3n de metas y objetivos estrat\u00e9ticos [&hellip;]<\/p>","protected":false},"author":1,"featured_media":0,"parent":11,"menu_order":0,"comment_status":"closed","ping_status":"closed","template":"","meta":{"footnotes":""},"class_list":["post-271","page","type-page","status-publish","hentry"],"_links":{"self":[{"href":"https:\/\/sciesc.com.mx\/en\/wp-json\/wp\/v2\/pages\/271","targetHints":{"allow":["GET"]}}],"collection":[{"href":"https:\/\/sciesc.com.mx\/en\/wp-json\/wp\/v2\/pages"}],"about":[{"href":"https:\/\/sciesc.com.mx\/en\/wp-json\/wp\/v2\/types\/page"}],"author":[{"embeddable":true,"href":"https:\/\/sciesc.com.mx\/en\/wp-json\/wp\/v2\/users\/1"}],"replies":[{"embeddable":true,"href":"https:\/\/sciesc.com.mx\/en\/wp-json\/wp\/v2\/comments?post=271"}],"version-history":[{"count":32,"href":"https:\/\/sciesc.com.mx\/en\/wp-json\/wp\/v2\/pages\/271\/revisions"}],"predecessor-version":[{"id":854,"href":"https:\/\/sciesc.com.mx\/en\/wp-json\/wp\/v2\/pages\/271\/revisions\/854"}],"up":[{"embeddable":true,"href":"https:\/\/sciesc.com.mx\/en\/wp-json\/wp\/v2\/pages\/11"}],"wp:attachment":[{"href":"https:\/\/sciesc.com.mx\/en\/wp-json\/wp\/v2\/media?parent=271"}],"curies":[{"name":"wp","href":"https:\/\/api.w.org\/{rel}","templated":true}]}}