{"id":273,"date":"2019-05-24T20:16:41","date_gmt":"2019-05-25T01:16:41","guid":{"rendered":"https:\/\/sciesc.com.mx\/?page_id=273"},"modified":"2019-06-27T12:32:56","modified_gmt":"2019-06-27T17:32:56","slug":"gobierno-corporativo","status":"publish","type":"page","link":"https:\/\/sciesc.com.mx\/en\/servicios\/gobierno-corporativo\/","title":{"rendered":"Gobierno Corporativo"},"content":{"rendered":"<div data-elementor-type=\"wp-post\" data-elementor-id=\"273\" class=\"elementor elementor-273\">\n\t\t\t\t\t\t<section class=\"elementor-section elementor-top-section elementor-element elementor-element-f7192bb elementor-section-content-middle elementor-section-boxed elementor-section-height-default elementor-section-height-default\" data-id=\"f7192bb\" data-element_type=\"section\">\n\t\t\t\t\t\t<div class=\"elementor-container elementor-column-gap-default\">\n\t\t\t\t\t<div class=\"elementor-column elementor-col-50 elementor-top-column elementor-element elementor-element-c54e929\" data-id=\"c54e929\" data-element_type=\"column\">\n\t\t\t<div class=\"elementor-widget-wrap elementor-element-populated\">\n\t\t\t\t\t\t<div class=\"elementor-element elementor-element-b4a4d44 elementor-widget elementor-widget-image\" data-id=\"b4a4d44\" data-element_type=\"widget\" data-widget_type=\"image.default\">\n\t\t\t\t<div class=\"elementor-widget-container\">\n\t\t\t\t\t\t\t\t\t\t\t\t\t\t\t<img decoding=\"async\" src=\"https:\/\/sciesc.com.mx\/wp-content\/uploads\/elementor\/thumbs\/america-analysis-cellphone-926987-r6qsk4fvc1c3fl7k5n14rqpcihbodhtbk6i8139r48.jpg\" title=\"america-analysis-cellphone-926987\" alt=\"america-analysis-cellphone-926987\" loading=\"lazy\" \/>\t\t\t\t\t\t\t\t\t\t\t\t\t\t\t<\/div>\n\t\t\t\t<\/div>\n\t\t\t\t\t<\/div>\n\t\t<\/div>\n\t\t\t\t<div class=\"elementor-column elementor-col-50 elementor-top-column elementor-element elementor-element-51b6c0c\" data-id=\"51b6c0c\" data-element_type=\"column\">\n\t\t\t<div class=\"elementor-widget-wrap elementor-element-populated\">\n\t\t\t\t\t\t<div class=\"elementor-element elementor-element-d4ada06 elementor-widget elementor-widget-text-editor\" data-id=\"d4ada06\" data-element_type=\"widget\" data-widget_type=\"text-editor.default\">\n\t\t\t\t<div class=\"elementor-widget-container\">\n\t\t\t\t\t\t\t\t\t<p style=\"text-align: justify;\"><span style=\"color: #000000;\">Cuando existe una adecuada estructura de Gobierno Corporativo, los intereses de la Compa\u00f1\u00eda y Accionistas se encuentran protegidos, pero cuando se monitorear su eficacia, se obtiene la creaci\u00f3n de valor para la entidad, empleados, proveedores, clientes y p\u00fablico en general (stakeholders). A mayor transparencia, mayor confianza del p\u00fablico en el mercado inversor, generando sostenibilidad y crecimiento.<\/span><\/p><p style=\"text-align: justify;\"><br \/><span style=\"color: #000000;\">Sabemos por experiencia que lo m\u00e1s dif\u00edcil para los empresarios o accionistas que deciden establecer un nuevo modelo de gobierno en la empresa, no est\u00e1 en el dise\u00f1o del modelo per se, sino en lograr que su implementaci\u00f3n se lleve a cabo sin rompimientos ni aparici\u00f3n de conflictos entre los sucesores y los propios accionistas. Una buena planeaci\u00f3n en la sucesi\u00f3n y en el dise\u00f1o del plan de implementaci\u00f3n del modelo ayudan en gran medida al \u00e9xito del modelo. Nuestra perspectiva integral de negocios, experiencia en la implementaci\u00f3n de procesos, controles en ambientes y culturas adversas nos permiten ser una opci\u00f3n s\u00f3lida para ayudarles en sus esfuerzos.<\/span><\/p>\t\t\t\t\t\t\t\t<\/div>\n\t\t\t\t<\/div>\n\t\t\t\t\t<\/div>\n\t\t<\/div>\n\t\t\t\t\t<\/div>\n\t\t<\/section>\n\t\t\t\t<section class=\"elementor-section elementor-top-section elementor-element elementor-element-37bf10f elementor-section-boxed elementor-section-height-default elementor-section-height-default\" data-id=\"37bf10f\" data-element_type=\"section\">\n\t\t\t\t\t\t<div class=\"elementor-container elementor-column-gap-default\">\n\t\t\t\t\t<div class=\"elementor-column elementor-col-100 elementor-top-column elementor-element elementor-element-b2e16eb\" data-id=\"b2e16eb\" data-element_type=\"column\">\n\t\t\t<div class=\"elementor-widget-wrap elementor-element-populated\">\n\t\t\t\t\t\t<div class=\"elementor-element elementor-element-16d3432 elementor-widget elementor-widget-spacer\" data-id=\"16d3432\" data-element_type=\"widget\" data-widget_type=\"spacer.default\">\n\t\t\t\t<div class=\"elementor-widget-container\">\n\t\t\t\t\t\t\t<div class=\"elementor-spacer\">\n\t\t\t<div class=\"elementor-spacer-inner\"><\/div>\n\t\t<\/div>\n\t\t\t\t\t\t<\/div>\n\t\t\t\t<\/div>\n\t\t\t\t\t<\/div>\n\t\t<\/div>\n\t\t\t\t\t<\/div>\n\t\t<\/section>\n\t\t\t\t<section class=\"elementor-section elementor-top-section elementor-element elementor-element-2857b470 elementor-section-boxed elementor-section-height-default elementor-section-height-default\" data-id=\"2857b470\" data-element_type=\"section\">\n\t\t\t\t\t\t<div class=\"elementor-container elementor-column-gap-wider\">\n\t\t\t\t\t<div class=\"elementor-column elementor-col-50 elementor-top-column elementor-element elementor-element-5156c03e\" data-id=\"5156c03e\" data-element_type=\"column\">\n\t\t\t<div class=\"elementor-widget-wrap elementor-element-populated\">\n\t\t\t\t\t\t<div class=\"elementor-element elementor-element-9929a21 elementor-widget elementor-widget-heading\" data-id=\"9929a21\" data-element_type=\"widget\" data-widget_type=\"heading.default\">\n\t\t\t\t<div class=\"elementor-widget-container\">\n\t\t\t\t\t<h3 class=\"elementor-heading-title elementor-size-default\">Gobierno Corporativo<\/h3>\t\t\t\t<\/div>\n\t\t\t\t<\/div>\n\t\t\t\t<div class=\"elementor-element elementor-element-ecdf90c elementor-widget-divider--view-line elementor-widget elementor-widget-divider\" data-id=\"ecdf90c\" data-element_type=\"widget\" data-widget_type=\"divider.default\">\n\t\t\t\t<div class=\"elementor-widget-container\">\n\t\t\t\t\t\t\t<div class=\"elementor-divider\">\n\t\t\t<span class=\"elementor-divider-separator\">\n\t\t\t\t\t\t<\/span>\n\t\t<\/div>\n\t\t\t\t\t\t<\/div>\n\t\t\t\t<\/div>\n\t\t\t\t<div class=\"elementor-element elementor-element-7727532 elementor-widget elementor-widget-text-editor\" data-id=\"7727532\" data-element_type=\"widget\" data-widget_type=\"text-editor.default\">\n\t\t\t\t<div class=\"elementor-widget-container\">\n\t\t\t\t\t\t\t\t\t<p style=\"text-align: justify;\"><span style=\"color: #000000;\">El marco de Gobierno Corporativo debe considerar:<\/span><\/p>\n\n<ul>\n \t<li style=\"text-align: justify;\"><span style=\"color: #000000;\">La protecci\u00f3n de los accionistas<\/span><\/li>\n \t<li style=\"text-align: justify;\"><span style=\"color: #000000;\">Equidad para todos los accionistas, incluyendo minoritarios y extranjeros<\/span><\/li>\n \t<li style=\"text-align: justify;\"><span style=\"color: #000000;\">Oportunidad de obtener una efectiva reparaci\u00f3n de los da\u00f1os por la violaci\u00f3n de los derechos de los accionistas<\/span><\/li>\n \t<li style=\"text-align: justify;\"><span style=\"color: #000000;\">Reconocer los derechos de terceras partes involucradas y desarrollar la cooperaci\u00f3n activa entre ellas y las sociedades en la generaci\u00f3n de empleos, riqueza y logros de empresas financieras sustentables<\/span><\/li>\n \t<li style=\"text-align: justify;\"><span style=\"color: #000000;\">Asegurar que exista una revelaci\u00f3n adecuada y oportuna de todos, su situaci\u00f3n financiera, su desempe\u00f1o, la tenencia accionaria y su administraci\u00f3n<\/span><\/li>\n \t<li style=\"text-align: justify;\"><span style=\"color: #000000;\">Asegurar la gu\u00eda estrat\u00e9gica de la Compa\u00f1\u00eda y el efectivo monitoreo de los equipos directivos a trav\u00e9s del Consejo de Administraci\u00f3n<\/span><\/li>\n<\/ul>\t\t\t\t\t\t\t\t<\/div>\n\t\t\t\t<\/div>\n\t\t\t\t\t<\/div>\n\t\t<\/div>\n\t\t\t\t<div class=\"elementor-column elementor-col-50 elementor-top-column elementor-element elementor-element-7a8ea309\" data-id=\"7a8ea309\" data-element_type=\"column\">\n\t\t\t<div class=\"elementor-widget-wrap elementor-element-populated\">\n\t\t\t\t\t\t<div class=\"elementor-element elementor-element-2a014fac elementor-widget elementor-widget-heading\" data-id=\"2a014fac\" data-element_type=\"widget\" data-widget_type=\"heading.default\">\n\t\t\t\t<div class=\"elementor-widget-container\">\n\t\t\t\t\t<h3 class=\"elementor-heading-title elementor-size-default\">Nuestros Servicios<\/h3>\t\t\t\t<\/div>\n\t\t\t\t<\/div>\n\t\t\t\t<div class=\"elementor-element elementor-element-6a505071 elementor-widget-divider--view-line elementor-widget elementor-widget-divider\" data-id=\"6a505071\" data-element_type=\"widget\" data-widget_type=\"divider.default\">\n\t\t\t\t<div class=\"elementor-widget-container\">\n\t\t\t\t\t\t\t<div class=\"elementor-divider\">\n\t\t\t<span class=\"elementor-divider-separator\">\n\t\t\t\t\t\t<\/span>\n\t\t<\/div>\n\t\t\t\t\t\t<\/div>\n\t\t\t\t<\/div>\n\t\t\t\t<div class=\"elementor-element elementor-element-ef27bc6 elementor-widget elementor-widget-text-editor\" data-id=\"ef27bc6\" data-element_type=\"widget\" data-widget_type=\"text-editor.default\">\n\t\t\t\t<div class=\"elementor-widget-container\">\n\t\t\t\t\t\t\t\t\t<p style=\"text-align: justify;\"><span style=\"color: #000000;\">Proveemos soluciones para las distintas etapas de institucionalizaci\u00f3n de las empresas permitiendo generar, proteger y perpetuar el valor de los accionistas. Nuestra oferta contempla lo siguiente:<\/span><\/p><ul><li style=\"text-align: justify;\"><span style=\"color: #222222;\">Apoyo en la definici\u00f3n y ejecuci\u00f3n de los acuerdos entre accionistas y\/o familiares<\/span><\/li><li style=\"text-align: justify;\"><span style=\"color: #222222;\">Dise\u00f1ar o redise\u00f1ar el modelo modelo de gobierno corporativo<\/span><\/li><li style=\"text-align: justify;\"><span style=\"color: #222222;\">Reestructurar o conformar los \u00f3rganos de gobierno corporativo:<\/span><\/li><li style=\"text-align: justify;\"><span style=\"color: #222222;\">Consejo familiar, Asamblea de Accionistas, Consejo de Administraci\u00f3n y cualquier de los Comit\u00e9s.<\/span><\/li><\/ul>\t\t\t\t\t\t\t\t<\/div>\n\t\t\t\t<\/div>\n\t\t\t\t\t<\/div>\n\t\t<\/div>\n\t\t\t\t\t<\/div>\n\t\t<\/section>\n\t\t\t\t<\/div>","protected":false},"excerpt":{"rendered":"<p>Cuando existe una adecuada estructura de Gobierno Corporativo, los intereses de la Compa\u00f1\u00eda y Accionistas se encuentran protegidos, pero cuando se monitorear su eficacia, se obtiene la creaci\u00f3n de valor para la entidad, empleados, proveedores, clientes y p\u00fablico en general (stakeholders). A mayor transparencia, mayor confianza del p\u00fablico en el mercado inversor, generando sostenibilidad y [&hellip;]<\/p>","protected":false},"author":1,"featured_media":0,"parent":11,"menu_order":0,"comment_status":"closed","ping_status":"closed","template":"","meta":{"footnotes":""},"class_list":["post-273","page","type-page","status-publish","hentry"],"_links":{"self":[{"href":"https:\/\/sciesc.com.mx\/en\/wp-json\/wp\/v2\/pages\/273","targetHints":{"allow":["GET"]}}],"collection":[{"href":"https:\/\/sciesc.com.mx\/en\/wp-json\/wp\/v2\/pages"}],"about":[{"href":"https:\/\/sciesc.com.mx\/en\/wp-json\/wp\/v2\/types\/page"}],"author":[{"embeddable":true,"href":"https:\/\/sciesc.com.mx\/en\/wp-json\/wp\/v2\/users\/1"}],"replies":[{"embeddable":true,"href":"https:\/\/sciesc.com.mx\/en\/wp-json\/wp\/v2\/comments?post=273"}],"version-history":[{"count":21,"href":"https:\/\/sciesc.com.mx\/en\/wp-json\/wp\/v2\/pages\/273\/revisions"}],"predecessor-version":[{"id":802,"href":"https:\/\/sciesc.com.mx\/en\/wp-json\/wp\/v2\/pages\/273\/revisions\/802"}],"up":[{"embeddable":true,"href":"https:\/\/sciesc.com.mx\/en\/wp-json\/wp\/v2\/pages\/11"}],"wp:attachment":[{"href":"https:\/\/sciesc.com.mx\/en\/wp-json\/wp\/v2\/media?parent=273"}],"curies":[{"name":"wp","href":"https:\/\/api.w.org\/{rel}","templated":true}]}}