{"id":275,"date":"2019-05-24T20:16:55","date_gmt":"2019-05-25T01:16:55","guid":{"rendered":"https:\/\/sciesc.com.mx\/?page_id=275"},"modified":"2019-06-27T12:06:32","modified_gmt":"2019-06-27T17:06:32","slug":"control-interno","status":"publish","type":"page","link":"https:\/\/sciesc.com.mx\/en\/servicios\/control-interno\/","title":{"rendered":"Control Interno"},"content":{"rendered":"<div data-elementor-type=\"wp-post\" data-elementor-id=\"275\" class=\"elementor elementor-275\">\n\t\t\t\t\t\t<section class=\"elementor-section elementor-top-section elementor-element elementor-element-46dfc85 elementor-section-boxed elementor-section-height-default elementor-section-height-default\" data-id=\"46dfc85\" data-element_type=\"section\">\n\t\t\t\t\t\t<div class=\"elementor-container elementor-column-gap-default\">\n\t\t\t\t\t<div class=\"elementor-column elementor-col-100 elementor-top-column elementor-element elementor-element-561fe03\" data-id=\"561fe03\" data-element_type=\"column\">\n\t\t\t<div class=\"elementor-widget-wrap elementor-element-populated\">\n\t\t\t\t\t\t<div class=\"elementor-element elementor-element-8f25353 elementor-widget elementor-widget-spacer\" data-id=\"8f25353\" data-element_type=\"widget\" data-widget_type=\"spacer.default\">\n\t\t\t\t<div class=\"elementor-widget-container\">\n\t\t\t\t\t\t\t<div class=\"elementor-spacer\">\n\t\t\t<div class=\"elementor-spacer-inner\"><\/div>\n\t\t<\/div>\n\t\t\t\t\t\t<\/div>\n\t\t\t\t<\/div>\n\t\t\t\t\t<\/div>\n\t\t<\/div>\n\t\t\t\t\t<\/div>\n\t\t<\/section>\n\t\t\t\t<section class=\"elementor-section elementor-top-section elementor-element elementor-element-7942d23 elementor-section-content-middle elementor-section-boxed elementor-section-height-default elementor-section-height-default\" data-id=\"7942d23\" data-element_type=\"section\">\n\t\t\t\t\t\t<div class=\"elementor-container elementor-column-gap-default\">\n\t\t\t\t\t<div class=\"elementor-column elementor-col-50 elementor-top-column elementor-element elementor-element-0e9ce21\" data-id=\"0e9ce21\" data-element_type=\"column\">\n\t\t\t<div class=\"elementor-widget-wrap elementor-element-populated\">\n\t\t\t\t\t\t<div class=\"elementor-element elementor-element-7f011be elementor-widget elementor-widget-image\" data-id=\"7f011be\" data-element_type=\"widget\" data-widget_type=\"image.default\">\n\t\t\t\t<div class=\"elementor-widget-container\">\n\t\t\t\t\t\t\t\t\t\t\t\t\t\t\t<img fetchpriority=\"high\" decoding=\"async\" width=\"400\" height=\"400\" src=\"https:\/\/sciesc.com.mx\/wp-content\/uploads\/2019\/06\/alarm-clock-calendar-close-up-908298-400x400.jpg\" class=\"attachment-rdtheme-size6 size-rdtheme-size6 wp-image-482\" alt=\"\" srcset=\"https:\/\/sciesc.com.mx\/wp-content\/uploads\/2019\/06\/alarm-clock-calendar-close-up-908298-400x400.jpg 400w, https:\/\/sciesc.com.mx\/wp-content\/uploads\/2019\/06\/alarm-clock-calendar-close-up-908298-300x300.jpg 300w, https:\/\/sciesc.com.mx\/wp-content\/uploads\/2019\/06\/alarm-clock-calendar-close-up-908298-100x100.jpg 100w, https:\/\/sciesc.com.mx\/wp-content\/uploads\/2019\/06\/alarm-clock-calendar-close-up-908298-150x150.jpg 150w\" sizes=\"(max-width: 400px) 100vw, 400px\" \/>\t\t\t\t\t\t\t\t\t\t\t\t\t\t\t<\/div>\n\t\t\t\t<\/div>\n\t\t\t\t\t<\/div>\n\t\t<\/div>\n\t\t\t\t<div class=\"elementor-column elementor-col-50 elementor-top-column elementor-element elementor-element-68b7d59\" data-id=\"68b7d59\" data-element_type=\"column\">\n\t\t\t<div class=\"elementor-widget-wrap elementor-element-populated\">\n\t\t\t\t\t\t<div class=\"elementor-element elementor-element-ef70033 elementor-widget elementor-widget-text-editor\" data-id=\"ef70033\" data-element_type=\"widget\" data-widget_type=\"text-editor.default\">\n\t\t\t\t<div class=\"elementor-widget-container\">\n\t\t\t\t\t\t\t\t\t<p style=\"text-align: justify;\"><span style=\"color: #000000;\">Seg\u00fan COSO, el control interno se fundamenta en una estructura basada en cinco componentes funcionales: Ambiente de Control, Evaluaci\u00f3n de riesgos, Actividades de Control Gerencial, informaci\u00f3n y comunicaci\u00f3n y Supervisi\u00f3n. Podemos apoyarlos con cada uno de ellos. Nuestra experiencia nos permite solucionar su problem\u00e1tica desde una perspectiva integral, permitiendo que el grado de \u00e9xito en la implementaci\u00f3n sea mayor.<\/span><\/p>\t\t\t\t\t\t\t\t<\/div>\n\t\t\t\t<\/div>\n\t\t\t\t\t<\/div>\n\t\t<\/div>\n\t\t\t\t\t<\/div>\n\t\t<\/section>\n\t\t\t\t<section class=\"elementor-section elementor-top-section elementor-element elementor-element-89f5ea1 elementor-section-boxed elementor-section-height-default elementor-section-height-default\" data-id=\"89f5ea1\" data-element_type=\"section\">\n\t\t\t\t\t\t<div class=\"elementor-container elementor-column-gap-default\">\n\t\t\t\t\t<div class=\"elementor-column elementor-col-100 elementor-top-column elementor-element elementor-element-82c8e92\" data-id=\"82c8e92\" data-element_type=\"column\">\n\t\t\t<div class=\"elementor-widget-wrap elementor-element-populated\">\n\t\t\t\t\t\t<div class=\"elementor-element elementor-element-7a91f6e elementor-widget elementor-widget-spacer\" data-id=\"7a91f6e\" data-element_type=\"widget\" data-widget_type=\"spacer.default\">\n\t\t\t\t<div class=\"elementor-widget-container\">\n\t\t\t\t\t\t\t<div class=\"elementor-spacer\">\n\t\t\t<div class=\"elementor-spacer-inner\"><\/div>\n\t\t<\/div>\n\t\t\t\t\t\t<\/div>\n\t\t\t\t<\/div>\n\t\t\t\t\t<\/div>\n\t\t<\/div>\n\t\t\t\t\t<\/div>\n\t\t<\/section>\n\t\t\t\t<section class=\"elementor-section elementor-top-section elementor-element elementor-element-3c3a976 elementor-section-boxed elementor-section-height-default elementor-section-height-default\" data-id=\"3c3a976\" data-element_type=\"section\">\n\t\t\t\t\t\t<div class=\"elementor-container elementor-column-gap-default\">\n\t\t\t\t\t<div class=\"elementor-column elementor-col-50 elementor-top-column elementor-element elementor-element-96ed0ef\" data-id=\"96ed0ef\" data-element_type=\"column\">\n\t\t\t<div class=\"elementor-widget-wrap elementor-element-populated\">\n\t\t\t\t\t\t<div class=\"elementor-element elementor-element-beafeb3 elementor-widget elementor-widget-heading\" data-id=\"beafeb3\" data-element_type=\"widget\" data-widget_type=\"heading.default\">\n\t\t\t\t<div class=\"elementor-widget-container\">\n\t\t\t\t\t<h2 class=\"elementor-heading-title elementor-size-default\">Fortalecimiento del Control Interno<\/h2>\t\t\t\t<\/div>\n\t\t\t\t<\/div>\n\t\t\t\t<div class=\"elementor-element elementor-element-e36f4a1 elementor-widget-divider--view-line elementor-widget elementor-widget-divider\" data-id=\"e36f4a1\" data-element_type=\"widget\" data-widget_type=\"divider.default\">\n\t\t\t\t<div class=\"elementor-widget-container\">\n\t\t\t\t\t\t\t<div class=\"elementor-divider\">\n\t\t\t<span class=\"elementor-divider-separator\">\n\t\t\t\t\t\t<\/span>\n\t\t<\/div>\n\t\t\t\t\t\t<\/div>\n\t\t\t\t<\/div>\n\t\t\t\t<div class=\"elementor-element elementor-element-ed2054c elementor-widget elementor-widget-text-editor\" data-id=\"ed2054c\" data-element_type=\"widget\" data-widget_type=\"text-editor.default\">\n\t\t\t\t<div class=\"elementor-widget-container\">\n\t\t\t\t\t\t\t\t\t<p style=\"text-align: justify;\"><span style=\"color: #000000;\">Nuestro objetivo es colaborar con nuestros clientes en mantenerse en sus prioridades de negocio. Al contar con un sistema de control interno efectivo, se obtiene una seguridad razonable en:<\/span><\/p>\n\n<ul>\n \t<li style=\"text-align: left;\"><span style=\"color: #000000;\">Lograr los objetivos y metas establecidos.<\/span><\/li>\n \t<li style=\"text-align: left;\"><span style=\"color: #000000;\">Promover el desarrollo organizacional.<\/span><\/li>\n \t<li style=\"text-align: left;\"><span style=\"color: #000000;\">Asegurar el cumplimiento del marco normativo de la entidad.<\/span><\/li>\n \t<li style=\"text-align: left;\"><span style=\"color: #000000;\">Proteger los recursos, bienes y el adecuado uso de los mismos.<\/span><\/li>\n \t<li style=\"text-align: left;\"><span style=\"color: #000000;\">Eficiencia y eficacia y transparencia en las operaciones.<\/span><\/li>\n \t<li style=\"text-align: left;\"><span style=\"color: #000000;\">Contar con informaci\u00f3n oportuna y confiable.<\/span><\/li>\n \t<li style=\"text-align: left;\"><span style=\"color: #000000;\">Fomentar la pr\u00e1ctica de valores.<\/span><\/li>\n \t<li style=\"text-align: left;\"><span style=\"color: #000000;\">Reducci\u00f3n de riesgos de fraude y corrupci\u00f3n.<\/span><\/li>\n<\/ul>\t\t\t\t\t\t\t\t<\/div>\n\t\t\t\t<\/div>\n\t\t\t\t\t<\/div>\n\t\t<\/div>\n\t\t\t\t<div class=\"elementor-column elementor-col-50 elementor-top-column elementor-element elementor-element-1970c73\" data-id=\"1970c73\" data-element_type=\"column\">\n\t\t\t<div class=\"elementor-widget-wrap elementor-element-populated\">\n\t\t\t\t\t\t<div class=\"elementor-element elementor-element-4a14fd9 elementor-widget elementor-widget-heading\" data-id=\"4a14fd9\" data-element_type=\"widget\" data-widget_type=\"heading.default\">\n\t\t\t\t<div class=\"elementor-widget-container\">\n\t\t\t\t\t<h2 class=\"elementor-heading-title elementor-size-default\">Soluciones<\/h2>\t\t\t\t<\/div>\n\t\t\t\t<\/div>\n\t\t\t\t<div class=\"elementor-element elementor-element-3847d9c elementor-widget-divider--view-line elementor-widget elementor-widget-divider\" data-id=\"3847d9c\" data-element_type=\"widget\" data-widget_type=\"divider.default\">\n\t\t\t\t<div class=\"elementor-widget-container\">\n\t\t\t\t\t\t\t<div class=\"elementor-divider\">\n\t\t\t<span class=\"elementor-divider-separator\">\n\t\t\t\t\t\t<\/span>\n\t\t<\/div>\n\t\t\t\t\t\t<\/div>\n\t\t\t\t<\/div>\n\t\t\t\t<div class=\"elementor-element elementor-element-a11571d elementor-widget elementor-widget-text-editor\" data-id=\"a11571d\" data-element_type=\"widget\" data-widget_type=\"text-editor.default\">\n\t\t\t\t<div class=\"elementor-widget-container\">\n\t\t\t\t\t\t\t\t\t<p style=\"text-align: justify;\"><span style=\"color: #000000;\">Contamos con soluciones a la medida, siempre adapt\u00e1ndonos al entorno y realidad de nuestros clientes.<\/span><\/p>\n\n<ul>\n \t<li style=\"text-align: left;\"><span style=\"color: #000000;\">Identificaci\u00f3n y clasificaci\u00f3n de los riesgos de negocio para generar el mapa de riesgos de la empresa.<\/span><\/li>\n \t<li style=\"text-align: left;\"><span style=\"color: #000000;\">Dise\u00f1o o Redise\u00f1o del Control Interno.<\/span><\/li>\n \t<li style=\"text-align: left;\"><span style=\"color: #000000;\">Documentaci\u00f3n de pol\u00edticas y procedimientos, roles y responsabilidades, diagramas de flujo.<\/span><\/li>\n \t<li style=\"text-align: left;\"><span style=\"color: #000000;\">Dise\u00f1o, implementaci\u00f3n y capacitaci\u00f3n en metodolog\u00edas y marcos de referencia de gobierno, control interno y seguridad: COSO, COBIT, ITIL, ISO27001.<\/span><\/li>\n \t<li style=\"text-align: left;\"><span style=\"color: #000000;\">Apoyo en la implementaci\u00f3n de nuevos controles.<\/span><\/li>\n \t<li style=\"text-align: left;\"><span style=\"color: #000000;\">C\u00f3digo de \u00e9tica y conducta.<\/span><\/li>\n \t<li style=\"text-align: left;\"><span style=\"color: #000000;\">Plan de continuidad de negocio (BCP y DRP).<\/span><\/li>\n \t<li style=\"text-align: left;\"><span style=\"color: #000000;\">An\u00e1lisis de vulnerabilidades \/ hackeo \u00e9tico.<\/span><\/li>\n \t<li style=\"text-align: left;\"><span style=\"color: #000000;\">C\u00f3mputo forense.<\/span><\/li>\n \t<li style=\"text-align: left;\"><span style=\"color: #000000;\">Seguridad en la red computacional corporativa.<\/span><\/li>\n<\/ul>\t\t\t\t\t\t\t\t<\/div>\n\t\t\t\t<\/div>\n\t\t\t\t\t<\/div>\n\t\t<\/div>\n\t\t\t\t\t<\/div>\n\t\t<\/section>\n\t\t\t\t<section class=\"elementor-section elementor-top-section elementor-element elementor-element-1ca02ce elementor-section-boxed elementor-section-height-default elementor-section-height-default\" data-id=\"1ca02ce\" data-element_type=\"section\">\n\t\t\t\t\t\t<div class=\"elementor-container elementor-column-gap-default\">\n\t\t\t\t\t<div class=\"elementor-column elementor-col-100 elementor-top-column elementor-element elementor-element-ed3b82c\" data-id=\"ed3b82c\" data-element_type=\"column\">\n\t\t\t<div class=\"elementor-widget-wrap\">\n\t\t\t\t\t\t\t<\/div>\n\t\t<\/div>\n\t\t\t\t\t<\/div>\n\t\t<\/section>\n\t\t\t\t<\/div>","protected":false},"excerpt":{"rendered":"<p>Seg\u00fan COSO, el control interno se fundamenta en una estructura basada en cinco componentes funcionales: Ambiente de Control, Evaluaci\u00f3n de riesgos, Actividades de Control Gerencial, informaci\u00f3n y comunicaci\u00f3n y Supervisi\u00f3n. Podemos apoyarlos con cada uno de ellos. Nuestra experiencia nos permite solucionar su problem\u00e1tica desde una perspectiva integral, permitiendo que el grado de \u00e9xito en [&hellip;]<\/p>","protected":false},"author":1,"featured_media":0,"parent":11,"menu_order":0,"comment_status":"closed","ping_status":"closed","template":"","meta":{"footnotes":""},"class_list":["post-275","page","type-page","status-publish","hentry"],"_links":{"self":[{"href":"https:\/\/sciesc.com.mx\/en\/wp-json\/wp\/v2\/pages\/275","targetHints":{"allow":["GET"]}}],"collection":[{"href":"https:\/\/sciesc.com.mx\/en\/wp-json\/wp\/v2\/pages"}],"about":[{"href":"https:\/\/sciesc.com.mx\/en\/wp-json\/wp\/v2\/types\/page"}],"author":[{"embeddable":true,"href":"https:\/\/sciesc.com.mx\/en\/wp-json\/wp\/v2\/users\/1"}],"replies":[{"embeddable":true,"href":"https:\/\/sciesc.com.mx\/en\/wp-json\/wp\/v2\/comments?post=275"}],"version-history":[{"count":17,"href":"https:\/\/sciesc.com.mx\/en\/wp-json\/wp\/v2\/pages\/275\/revisions"}],"predecessor-version":[{"id":594,"href":"https:\/\/sciesc.com.mx\/en\/wp-json\/wp\/v2\/pages\/275\/revisions\/594"}],"up":[{"embeddable":true,"href":"https:\/\/sciesc.com.mx\/en\/wp-json\/wp\/v2\/pages\/11"}],"wp:attachment":[{"href":"https:\/\/sciesc.com.mx\/en\/wp-json\/wp\/v2\/media?parent=275"}],"curies":[{"name":"wp","href":"https:\/\/api.w.org\/{rel}","templated":true}]}}