{"id":703,"date":"2023-01-28T17:53:39","date_gmt":"2023-01-28T23:53:39","guid":{"rendered":"https:\/\/sciesc.com.mx\/?page_id=703"},"modified":"2025-03-28T17:47:05","modified_gmt":"2025-03-28T23:47:05","slug":"tesis-de-inversion","status":"publish","type":"page","link":"https:\/\/sciesc.com.mx\/en\/tesis-de-inversion\/","title":{"rendered":"Tesis de Inversi\u00f3n"},"content":{"rendered":"<div data-elementor-type=\"wp-page\" data-elementor-id=\"703\" class=\"elementor elementor-703\">\n\t\t\t\t\t\t<section class=\"elementor-section elementor-top-section elementor-element elementor-element-6d4d409 elementor-section-boxed elementor-section-height-default elementor-section-height-default\" data-id=\"6d4d409\" data-element_type=\"section\">\n\t\t\t\t\t\t<div class=\"elementor-container elementor-column-gap-default\">\n\t\t\t\t\t<div class=\"elementor-column elementor-col-100 elementor-top-column elementor-element elementor-element-3359834\" data-id=\"3359834\" data-element_type=\"column\">\n\t\t\t<div class=\"elementor-widget-wrap elementor-element-populated\">\n\t\t\t\t\t\t<div class=\"elementor-element elementor-element-b8c477c elementor-widget elementor-widget-image-box\" data-id=\"b8c477c\" data-element_type=\"widget\" data-widget_type=\"image-box.default\">\n\t\t\t\t<div class=\"elementor-widget-container\">\n\t\t\t\t\t<div class=\"elementor-image-box-wrapper\"><div class=\"elementor-image-box-content\"><h3 class=\"elementor-image-box-title\"><a href=\"https:\/\/lookerstudio.google.com\/s\/lEyN1YbSZIw\">Monitor Econ\u00f3mico (Mensual)<\/a><\/h3><p class=\"elementor-image-box-description\">Del 20 al 27 de octubre, el \u00cdndice S&P\/BMV\nIPC present\u00f3 un incremento de 1.45%\n(697.94 unidades) cerrando en 48 mil 973.85\npuntos; con lo que acumula una ganancia\nde 1.05% (509.99 unidades) en lo que va del\na\u00f1o. Cabe destacar que, en el periodo\nindicado, las plazas burs\u00e1tiles\ninternacionales registraron movimientos\nmixtos. El comportamiento de la principal\nbolsa de valores local se relacion\u00f3 con un\ndescenso de la aversi\u00f3n al riesgo por parte\nde los inversionistas, ante el crecimiento de la econom\u00eda de Estados Unidos en el tercer trimestre\ndel a\u00f1o, el cual result\u00f3 por arriba de las expectativas del mercado.<\/p><\/div><\/div>\t\t\t\t<\/div>\n\t\t\t\t<\/div>\n\t\t\t\t\t<\/div>\n\t\t<\/div>\n\t\t\t\t\t<\/div>\n\t\t<\/section>\n\t\t\t\t<section class=\"elementor-section elementor-top-section elementor-element elementor-element-e8d949e elementor-section-boxed elementor-section-height-default elementor-section-height-default\" data-id=\"e8d949e\" data-element_type=\"section\">\n\t\t\t\t\t\t<div class=\"elementor-container elementor-column-gap-default\">\n\t\t\t\t\t<div class=\"elementor-column elementor-col-100 elementor-top-column elementor-element elementor-element-71b7bca\" data-id=\"71b7bca\" data-element_type=\"column\">\n\t\t\t<div class=\"elementor-widget-wrap elementor-element-populated\">\n\t\t\t\t\t\t<div class=\"elementor-element elementor-element-dda1748 elementor-widget elementor-widget-html\" data-id=\"dda1748\" data-element_type=\"widget\" data-widget_type=\"html.default\">\n\t\t\t\t<div class=\"elementor-widget-container\">\n\t\t\t\t\t-contacto@sciesc.com.mx\n-co.integra.co@outlook.com\n-co.integra.co@gmail.com\n\t\t\t\t<\/div>\n\t\t\t\t<\/div>\n\t\t\t\t\t<\/div>\n\t\t<\/div>\n\t\t\t\t\t<\/div>\n\t\t<\/section>\n\t\t\t\t<section class=\"elementor-section elementor-top-section elementor-element elementor-element-693985f elementor-section-boxed elementor-section-height-default elementor-section-height-default\" data-id=\"693985f\" data-element_type=\"section\">\n\t\t\t\t\t\t<div class=\"elementor-container elementor-column-gap-default\">\n\t\t\t\t\t<div class=\"elementor-column elementor-col-100 elementor-top-column elementor-element elementor-element-c0b645c\" data-id=\"c0b645c\" data-element_type=\"column\">\n\t\t\t<div class=\"elementor-widget-wrap elementor-element-populated\">\n\t\t\t\t\t\t<div class=\"elementor-element elementor-element-a988e80 elementor-widget elementor-widget-image\" data-id=\"a988e80\" data-element_type=\"widget\" data-widget_type=\"image.default\">\n\t\t\t\t<div class=\"elementor-widget-container\">\n\t\t\t\t\t\t\t\t\t\t\t\t\t\t\t<img fetchpriority=\"high\" decoding=\"async\" width=\"1024\" height=\"773\" src=\"https:\/\/sciesc.com.mx\/wp-content\/uploads\/2023\/10\/Captura311023-1024x773.jpg\" class=\"attachment-large size-large wp-image-917\" alt=\"\" srcset=\"https:\/\/sciesc.com.mx\/wp-content\/uploads\/2023\/10\/Captura311023-1024x773.jpg 1024w, https:\/\/sciesc.com.mx\/wp-content\/uploads\/2023\/10\/Captura311023-300x226.jpg 300w, https:\/\/sciesc.com.mx\/wp-content\/uploads\/2023\/10\/Captura311023-768x580.jpg 768w, https:\/\/sciesc.com.mx\/wp-content\/uploads\/2023\/10\/Captura311023-600x453.jpg 600w, https:\/\/sciesc.com.mx\/wp-content\/uploads\/2023\/10\/Captura311023.jpg 1089w\" sizes=\"(max-width: 1024px) 100vw, 1024px\" \/>\t\t\t\t\t\t\t\t\t\t\t\t\t\t\t<\/div>\n\t\t\t\t<\/div>\n\t\t\t\t<div class=\"elementor-element elementor-element-1c460fd elementor-button-info elementor-align-center elementor-widget elementor-widget-button\" data-id=\"1c460fd\" data-element_type=\"widget\" data-widget_type=\"button.default\">\n\t\t\t\t<div class=\"elementor-widget-container\">\n\t\t\t\t\t\t\t\t\t<div class=\"elementor-button-wrapper\">\n\t\t\t\t\t<a class=\"elementor-button elementor-button-link elementor-size-sm\" href=\"https:\/\/geolink.xtb.com\/m394g\">\n\t\t\t\t\t\t<span class=\"elementor-button-content-wrapper\">\n\t\t\t\t\t\t\t\t\t<span class=\"elementor-button-text\">Opci\u00f3n de inversi\u00f3n<\/span>\n\t\t\t\t\t<\/span>\n\t\t\t\t\t<\/a>\n\t\t\t\t<\/div>\n\t\t\t\t\t\t\t\t<\/div>\n\t\t\t\t<\/div>\n\t\t\t\t\t<\/div>\n\t\t<\/div>\n\t\t\t\t\t<\/div>\n\t\t<\/section>\n\t\t\t\t<section class=\"elementor-section elementor-top-section elementor-element elementor-element-9af5d12 elementor-section-boxed elementor-section-height-default elementor-section-height-default\" data-id=\"9af5d12\" data-element_type=\"section\">\n\t\t\t\t\t\t<div class=\"elementor-container elementor-column-gap-default\">\n\t\t\t\t\t<div class=\"elementor-column elementor-col-100 elementor-top-column elementor-element elementor-element-b14c10e\" data-id=\"b14c10e\" data-element_type=\"column\">\n\t\t\t<div class=\"elementor-widget-wrap elementor-element-populated\">\n\t\t\t\t\t\t<div class=\"elementor-element elementor-element-c7ab061 elementor-widget elementor-widget-text-editor\" data-id=\"c7ab061\" data-element_type=\"widget\" data-widget_type=\"text-editor.default\">\n\t\t\t\t<div class=\"elementor-widget-container\">\n\t\t\t\t\t\t\t\t\t<p style=\"text-align: left;\">Con cifras desestacionalizadas, durante julio de 2023, el Indicador Global de la Actividad Econ\u00f3mica (IGAE) registr\u00f3 un incremento real mensual de 0.15% respecto a junio del mismo a\u00f1o. Esto se debi\u00f3 a que las actividades primarias y terciarias cayeron 0.22 y 0.08%, respectivamente; en contraste, las secundarias subieron 0.45%. En t\u00e9rminos anuales, el IGAE Total tuvo una ampliaci\u00f3n real de 3.45% con relaci\u00f3n a igual mes de 2022. Por sectores, las actividades primarias, secundarias y terciarias avanzaron 4.38, 4.93 y 2.42%, en ese orden.Con cifras originales, en el octavo mes de 2023, la Tasa de Desocupaci\u00f3n (TD) represent\u00f3 el 2.96% de la Poblaci\u00f3n Econ\u00f3micamente Activa (PEA), menor en 0.57 puntos porcentuales respecto al mismo mes de 2022 (3.53%). Con datos ajustadas por estacionalidad, en agosto de 2023, la TD se ubic\u00f3 en 2.72%, inferior en 0.15 puntos porcentuales a la que se registr\u00f3 en el mes anterior (2.87%). S32<\/p>\t\t\t\t\t\t\t\t<\/div>\n\t\t\t\t<\/div>\n\t\t\t\t\t<\/div>\n\t\t<\/div>\n\t\t\t\t\t<\/div>\n\t\t<\/section>\n\t\t\t\t<section class=\"elementor-section elementor-top-section elementor-element elementor-element-e9634ea elementor-section-boxed elementor-section-height-default elementor-section-height-default\" data-id=\"e9634ea\" data-element_type=\"section\">\n\t\t\t\t\t\t<div class=\"elementor-container elementor-column-gap-default\">\n\t\t\t\t\t<div class=\"elementor-column elementor-col-100 elementor-top-column elementor-element elementor-element-7f18a8a\" data-id=\"7f18a8a\" data-element_type=\"column\">\n\t\t\t<div class=\"elementor-widget-wrap elementor-element-populated\">\n\t\t\t\t\t\t<div class=\"elementor-element elementor-element-c129bd3 elementor-widget elementor-widget-image\" data-id=\"c129bd3\" data-element_type=\"widget\" data-widget_type=\"image.default\">\n\t\t\t\t<div class=\"elementor-widget-container\">\n\t\t\t\t\t\t\t\t\t\t\t\t\t\t\t<img decoding=\"async\" width=\"1024\" height=\"727\" src=\"https:\/\/sciesc.com.mx\/wp-content\/uploads\/2023\/10\/CapturaREP-1024x727.jpg\" class=\"attachment-large size-large wp-image-858\" alt=\"\" srcset=\"https:\/\/sciesc.com.mx\/wp-content\/uploads\/2023\/10\/CapturaREP-1024x727.jpg 1024w, https:\/\/sciesc.com.mx\/wp-content\/uploads\/2023\/10\/CapturaREP-300x213.jpg 300w, https:\/\/sciesc.com.mx\/wp-content\/uploads\/2023\/10\/CapturaREP-768x545.jpg 768w, https:\/\/sciesc.com.mx\/wp-content\/uploads\/2023\/10\/CapturaREP-600x426.jpg 600w, https:\/\/sciesc.com.mx\/wp-content\/uploads\/2023\/10\/CapturaREP.jpg 1292w\" sizes=\"(max-width: 1024px) 100vw, 1024px\" \/>\t\t\t\t\t\t\t\t\t\t\t\t\t\t\t<\/div>\n\t\t\t\t<\/div>\n\t\t\t\t\t<\/div>\n\t\t<\/div>\n\t\t\t\t\t<\/div>\n\t\t<\/section>\n\t\t\t\t<section class=\"elementor-section elementor-top-section elementor-element elementor-element-83d25c7 elementor-section-boxed elementor-section-height-default elementor-section-height-default\" data-id=\"83d25c7\" data-element_type=\"section\">\n\t\t\t\t\t\t<div class=\"elementor-container elementor-column-gap-default\">\n\t\t\t\t\t<div class=\"elementor-column elementor-col-100 elementor-top-column elementor-element elementor-element-4176beb\" data-id=\"4176beb\" data-element_type=\"column\">\n\t\t\t<div class=\"elementor-widget-wrap elementor-element-populated\">\n\t\t\t\t\t\t<div class=\"elementor-element elementor-element-e8b4d5a elementor-button-info elementor-align-center elementor-widget elementor-widget-button\" data-id=\"e8b4d5a\" data-element_type=\"widget\" data-widget_type=\"button.default\">\n\t\t\t\t<div class=\"elementor-widget-container\">\n\t\t\t\t\t\t\t\t\t<div class=\"elementor-button-wrapper\">\n\t\t\t\t\t<a class=\"elementor-button elementor-button-link elementor-size-sm\" href=\"https:\/\/geolink.xtb.com\/m394g\">\n\t\t\t\t\t\t<span class=\"elementor-button-content-wrapper\">\n\t\t\t\t\t\t\t\t\t<span class=\"elementor-button-text\">Opci\u00f3n de inversi\u00f3n<\/span>\n\t\t\t\t\t<\/span>\n\t\t\t\t\t<\/a>\n\t\t\t\t<\/div>\n\t\t\t\t\t\t\t\t<\/div>\n\t\t\t\t<\/div>\n\t\t\t\t\t<\/div>\n\t\t<\/div>\n\t\t\t\t\t<\/div>\n\t\t<\/section>\n\t\t\t\t<section class=\"elementor-section elementor-top-section elementor-element elementor-element-1e57d73 elementor-section-boxed elementor-section-height-default elementor-section-height-default\" data-id=\"1e57d73\" data-element_type=\"section\">\n\t\t\t\t\t\t<div class=\"elementor-container elementor-column-gap-default\">\n\t\t\t\t\t<div class=\"elementor-column elementor-col-100 elementor-top-column elementor-element elementor-element-755fb7a\" data-id=\"755fb7a\" data-element_type=\"column\">\n\t\t\t<div class=\"elementor-widget-wrap elementor-element-populated\">\n\t\t\t\t\t\t<div class=\"elementor-element elementor-element-61e3927 elementor-widget elementor-widget-text-editor\" data-id=\"61e3927\" data-element_type=\"widget\" data-widget_type=\"text-editor.default\">\n\t\t\t\t<div class=\"elementor-widget-container\">\n\t\t\t\t\t\t\t\t\t<p>En la encuesta de Banxico de febrero, los analistas del sector privado redujeron su pron\u00f3stico de crecimiento de la econom\u00eda mexicana<br \/>para 2025 a 0.8% y a 1.7% para 2026 (hace un mes lo estimaron en 1.1 y 1.8%, respectivamente).<br \/>Asimismo, actualizaron a la baja su previsi\u00f3n para la inflaci\u00f3n anual para diciembre de 2025 en 3.75% y en 3.74% al finalizar 2026 (frente al 3.83 y 3.77% del sondeo de enero); mostrando que la inflaci\u00f3n continuar\u00e1 por arriba del objetivo del Banco Central (3.0% anual), pero dentro del intervalo de variabilidad (2.0-4.0% anual).<\/p>\t\t\t\t\t\t\t\t<\/div>\n\t\t\t\t<\/div>\n\t\t\t\t<div class=\"elementor-element elementor-element-4f5021f elementor-widget elementor-widget-image\" data-id=\"4f5021f\" data-element_type=\"widget\" data-widget_type=\"image.default\">\n\t\t\t\t<div class=\"elementor-widget-container\">\n\t\t\t\t\t\t\t\t\t\t\t\t\t\t\t<img decoding=\"async\" width=\"1024\" height=\"756\" src=\"https:\/\/sciesc.com.mx\/wp-content\/uploads\/2025\/03\/Imagen3-1024x756.png\" class=\"attachment-large size-large wp-image-1032\" alt=\"\" srcset=\"https:\/\/sciesc.com.mx\/wp-content\/uploads\/2025\/03\/Imagen3-1024x756.png 1024w, https:\/\/sciesc.com.mx\/wp-content\/uploads\/2025\/03\/Imagen3-300x221.png 300w, https:\/\/sciesc.com.mx\/wp-content\/uploads\/2025\/03\/Imagen3-768x567.png 768w, https:\/\/sciesc.com.mx\/wp-content\/uploads\/2025\/03\/Imagen3-16x12.png 16w, https:\/\/sciesc.com.mx\/wp-content\/uploads\/2025\/03\/Imagen3-600x443.png 600w, https:\/\/sciesc.com.mx\/wp-content\/uploads\/2025\/03\/Imagen3.png 1397w\" sizes=\"(max-width: 1024px) 100vw, 1024px\" \/>\t\t\t\t\t\t\t\t\t\t\t\t\t\t\t<\/div>\n\t\t\t\t<\/div>\n\t\t\t\t\t<\/div>\n\t\t<\/div>\n\t\t\t\t\t<\/div>\n\t\t<\/section>\n\t\t\t\t<section class=\"elementor-section elementor-top-section elementor-element elementor-element-2373aa0 elementor-section-boxed elementor-section-height-default elementor-section-height-default\" data-id=\"2373aa0\" data-element_type=\"section\">\n\t\t\t\t\t\t<div class=\"elementor-container elementor-column-gap-default\">\n\t\t\t\t\t<div class=\"elementor-column elementor-col-100 elementor-top-column elementor-element elementor-element-330c169\" data-id=\"330c169\" data-element_type=\"column\">\n\t\t\t<div class=\"elementor-widget-wrap elementor-element-populated\">\n\t\t\t\t\t\t<div class=\"elementor-element elementor-element-a42b29a elementor-arrows-position-inside elementor-pagination-position-outside elementor-widget elementor-widget-image-carousel\" data-id=\"a42b29a\" data-element_type=\"widget\" data-settings=\"{&quot;navigation&quot;:&quot;both&quot;,&quot;autoplay&quot;:&quot;yes&quot;,&quot;pause_on_hover&quot;:&quot;yes&quot;,&quot;pause_on_interaction&quot;:&quot;yes&quot;,&quot;autoplay_speed&quot;:5000,&quot;infinite&quot;:&quot;yes&quot;,&quot;speed&quot;:500}\" data-widget_type=\"image-carousel.default\">\n\t\t\t\t<div class=\"elementor-widget-container\">\n\t\t\t\t\t\t\t<div class=\"elementor-image-carousel-wrapper swiper\" role=\"region\" aria-roledescription=\"carousel\" aria-label=\"Image Carousel\" dir=\"ltr\">\n\t\t\t<div class=\"elementor-image-carousel swiper-wrapper\" aria-live=\"off\">\n\t\t\t\t\t\t\t\t<div class=\"swiper-slide\" role=\"group\" aria-roledescription=\"slide\" aria-label=\"1 of 2\"><figure class=\"swiper-slide-inner\"><img decoding=\"async\" class=\"swiper-slide-image\" src=\"https:\/\/sciesc.com.mx\/wp-content\/uploads\/2025\/03\/KOF1-1024x582.png\" alt=\"KOF1\" \/><\/figure><\/div><div class=\"swiper-slide\" role=\"group\" aria-roledescription=\"slide\" aria-label=\"2 of 2\"><figure class=\"swiper-slide-inner\"><img decoding=\"async\" class=\"swiper-slide-image\" src=\"https:\/\/sciesc.com.mx\/wp-content\/uploads\/2025\/03\/KOF2.png\" alt=\"KOF2\" \/><\/figure><\/div>\t\t\t<\/div>\n\t\t\t\t\t\t\t\t\t\t\t\t<div class=\"elementor-swiper-button elementor-swiper-button-prev\" role=\"button\" tabindex=\"0\">\n\t\t\t\t\t\t<i aria-hidden=\"true\" class=\"eicon-chevron-left\"><\/i>\t\t\t\t\t<\/div>\n\t\t\t\t\t<div class=\"elementor-swiper-button elementor-swiper-button-next\" role=\"button\" tabindex=\"0\">\n\t\t\t\t\t\t<i aria-hidden=\"true\" class=\"eicon-chevron-right\"><\/i>\t\t\t\t\t<\/div>\n\t\t\t\t\n\t\t\t\t\t\t\t\t\t<div class=\"swiper-pagination\"><\/div>\n\t\t\t\t\t\t\t\t\t<\/div>\n\t\t\t\t\t\t<\/div>\n\t\t\t\t<\/div>\n\t\t\t\t\t<\/div>\n\t\t<\/div>\n\t\t\t\t\t<\/div>\n\t\t<\/section>\n\t\t\t\t<\/div>","protected":false},"excerpt":{"rendered":"<p>Monitor Econ\u00f3mico (Mensual) Del 20 al 27 de octubre, el \u00cdndice S&#038;P\/BMV IPC present\u00f3 un incremento de 1.45% (697.94 unidades) cerrando en 48 mil 973.85 puntos; con lo que acumula una ganancia de 1.05% (509.99 unidades) en lo que va del a\u00f1o. Cabe destacar que, en el periodo indicado, las plazas burs\u00e1tiles internacionales registraron movimientos [&hellip;]<\/p>","protected":false},"author":2,"featured_media":0,"parent":0,"menu_order":0,"comment_status":"closed","ping_status":"closed","template":"","meta":{"footnotes":""},"class_list":["post-703","page","type-page","status-publish","hentry"],"_links":{"self":[{"href":"https:\/\/sciesc.com.mx\/en\/wp-json\/wp\/v2\/pages\/703","targetHints":{"allow":["GET"]}}],"collection":[{"href":"https:\/\/sciesc.com.mx\/en\/wp-json\/wp\/v2\/pages"}],"about":[{"href":"https:\/\/sciesc.com.mx\/en\/wp-json\/wp\/v2\/types\/page"}],"author":[{"embeddable":true,"href":"https:\/\/sciesc.com.mx\/en\/wp-json\/wp\/v2\/users\/2"}],"replies":[{"embeddable":true,"href":"https:\/\/sciesc.com.mx\/en\/wp-json\/wp\/v2\/comments?post=703"}],"version-history":[{"count":41,"href":"https:\/\/sciesc.com.mx\/en\/wp-json\/wp\/v2\/pages\/703\/revisions"}],"predecessor-version":[{"id":1044,"href":"https:\/\/sciesc.com.mx\/en\/wp-json\/wp\/v2\/pages\/703\/revisions\/1044"}],"wp:attachment":[{"href":"https:\/\/sciesc.com.mx\/en\/wp-json\/wp\/v2\/media?parent=703"}],"curies":[{"name":"wp","href":"https:\/\/api.w.org\/{rel}","templated":true}]}}