{"id":706,"date":"2023-01-28T17:57:30","date_gmt":"2023-01-28T23:57:30","guid":{"rendered":"https:\/\/sciesc.com.mx\/?page_id=706"},"modified":"2023-07-29T10:47:34","modified_gmt":"2023-07-29T16:47:34","slug":"inversionistas","status":"publish","type":"page","link":"https:\/\/sciesc.com.mx\/en\/inversionistas\/","title":{"rendered":"Inversionistas"},"content":{"rendered":"<div data-elementor-type=\"wp-page\" data-elementor-id=\"706\" class=\"elementor elementor-706\">\n\t\t\t\t\t\t<section class=\"elementor-section elementor-top-section elementor-element elementor-element-d32394b elementor-section-boxed elementor-section-height-default elementor-section-height-default\" data-id=\"d32394b\" data-element_type=\"section\">\n\t\t\t\t\t\t<div class=\"elementor-container elementor-column-gap-default\">\n\t\t\t\t\t<div class=\"elementor-column elementor-col-100 elementor-top-column elementor-element elementor-element-3439e42\" data-id=\"3439e42\" data-element_type=\"column\">\n\t\t\t<div class=\"elementor-widget-wrap elementor-element-populated\">\n\t\t\t\t\t\t<div class=\"elementor-element elementor-element-c70c018 elementor-widget elementor-widget-heading\" data-id=\"c70c018\" data-element_type=\"widget\" data-widget_type=\"heading.default\">\n\t\t\t\t<div class=\"elementor-widget-container\">\n\t\t\t\t\t<h2 class=\"elementor-heading-title elementor-size-large\">Gobierno Corporativo<\/h2>\t\t\t\t<\/div>\n\t\t\t\t<\/div>\n\t\t\t\t\t<\/div>\n\t\t<\/div>\n\t\t\t\t\t<\/div>\n\t\t<\/section>\n\t\t\t\t<section class=\"elementor-section elementor-top-section elementor-element elementor-element-ca3e852 elementor-section-boxed elementor-section-height-default elementor-section-height-default\" data-id=\"ca3e852\" data-element_type=\"section\">\n\t\t\t\t\t\t\t<div class=\"elementor-background-overlay\"><\/div>\n\t\t\t\t\t\t\t<div class=\"elementor-container elementor-column-gap-default\">\n\t\t\t\t\t<div class=\"elementor-column elementor-col-100 elementor-top-column elementor-element elementor-element-3e0c7c0\" data-id=\"3e0c7c0\" data-element_type=\"column\">\n\t\t\t<div class=\"elementor-widget-wrap elementor-element-populated\">\n\t\t\t\t\t\t<div class=\"elementor-element elementor-element-c301973 elementor-widget elementor-widget-text-editor\" data-id=\"c301973\" data-element_type=\"widget\" data-widget_type=\"text-editor.default\">\n\t\t\t\t<div class=\"elementor-widget-container\">\n\t\t\t\t\t\t\t\t\t<p style=\"text-align: center;\"><strong>Para llevar a cabo los objetivos de la Asociaci\u00f3n y para proponer iniciativas que alimenten el desarrollo de nuestra Instituci\u00f3n y Comunidad, el Consejo Directivo de SCIESCo esta integrado por un Presidente, Tesorero, Secretario y Consejeros que representan a las diferentes estrategias. El Consejo Directivo se apoya de los diferentes Comit\u00e9s de Estrategia y Transversales.<\/strong><\/p>\t\t\t\t\t\t\t\t<\/div>\n\t\t\t\t<\/div>\n\t\t\t\t<div class=\"elementor-element elementor-element-1e9b98a elementor-widget elementor-widget-spacer\" data-id=\"1e9b98a\" data-element_type=\"widget\" data-widget_type=\"spacer.default\">\n\t\t\t\t<div class=\"elementor-widget-container\">\n\t\t\t\t\t\t\t<div class=\"elementor-spacer\">\n\t\t\t<div class=\"elementor-spacer-inner\"><\/div>\n\t\t<\/div>\n\t\t\t\t\t\t<\/div>\n\t\t\t\t<\/div>\n\t\t\t\t\t<\/div>\n\t\t<\/div>\n\t\t\t\t\t<\/div>\n\t\t<\/section>\n\t\t\t\t<section class=\"elementor-section elementor-top-section elementor-element elementor-element-cef5bb8 elementor-section-boxed elementor-section-height-default elementor-section-height-default\" data-id=\"cef5bb8\" data-element_type=\"section\">\n\t\t\t\t\t\t<div class=\"elementor-container elementor-column-gap-default\">\n\t\t\t\t\t<div class=\"elementor-column elementor-col-100 elementor-top-column elementor-element elementor-element-9d9c84a\" data-id=\"9d9c84a\" data-element_type=\"column\">\n\t\t\t<div class=\"elementor-widget-wrap elementor-element-populated\">\n\t\t\t\t\t\t<section class=\"elementor-section elementor-inner-section elementor-element elementor-element-b6b96f0 elementor-section-boxed elementor-section-height-default elementor-section-height-default\" data-id=\"b6b96f0\" data-element_type=\"section\">\n\t\t\t\t\t\t<div class=\"elementor-container elementor-column-gap-default\">\n\t\t\t\t\t<div class=\"elementor-column elementor-col-50 elementor-inner-column elementor-element elementor-element-c4a8e9b\" data-id=\"c4a8e9b\" data-element_type=\"column\">\n\t\t\t<div class=\"elementor-widget-wrap elementor-element-populated\">\n\t\t\t\t\t\t<div class=\"elementor-element elementor-element-07905d8 elementor-widget elementor-widget-text-editor\" data-id=\"07905d8\" data-element_type=\"widget\" data-widget_type=\"text-editor.default\">\n\t\t\t\t<div class=\"elementor-widget-container\">\n\t\t\t\t\t\t\t\t\t<p style=\"text-align: center;\"><strong>Presidente<\/strong><\/p>\n<p style=\"text-align: center;\">Representa a la asociaci\u00f3n desarrolla y ejecuta las estrategias empresariales de la Asociaci\u00f3n. Proporciona asesoramiento estrategico a las reuniones, para implementar amplios planes empresariales para facilitar el logro de los objetivos.<\/p>\t\t\t\t\t\t\t\t<\/div>\n\t\t\t\t<\/div>\n\t\t\t\t\t<\/div>\n\t\t<\/div>\n\t\t\t\t<div class=\"elementor-column elementor-col-50 elementor-inner-column elementor-element elementor-element-24c497f\" data-id=\"24c497f\" data-element_type=\"column\">\n\t\t\t<div class=\"elementor-widget-wrap elementor-element-populated\">\n\t\t\t\t\t\t<div class=\"elementor-element elementor-element-e07409b elementor-widget elementor-widget-text-editor\" data-id=\"e07409b\" data-element_type=\"widget\" data-widget_type=\"text-editor.default\">\n\t\t\t\t<div class=\"elementor-widget-container\">\n\t\t\t\t\t\t\t\t\t<p style=\"text-align: center;\"><strong>Secretario<\/strong><\/p><p style=\"text-align: center;\"><span style=\"text-align: center; color: var( --e-global-color-text ); font-family: var( --e-global-typography-text-font-family ), Sans-serif; font-weight: var( --e-global-typography-text-font-weight );\">\u00a0Dar seguimiento a os acuerdos tomados en las asambleas mediante minutas. Mantener informadas a las integrantes de la organizaci\u00f3n sobre estos asuntos generando un informe en la periodicidad fijada por la asamblea y la mesa directiva<\/span>.<\/p>\t\t\t\t\t\t\t\t<\/div>\n\t\t\t\t<\/div>\n\t\t\t\t\t<\/div>\n\t\t<\/div>\n\t\t\t\t\t<\/div>\n\t\t<\/section>\n\t\t\t\t<div class=\"elementor-element elementor-element-6c7cffb elementor-widget elementor-widget-text-editor\" data-id=\"6c7cffb\" data-element_type=\"widget\" data-widget_type=\"text-editor.default\">\n\t\t\t\t<div class=\"elementor-widget-container\">\n\t\t\t\t\t\t\t\t\t<p style=\"text-align: center;\"><strong>Tesorero<\/strong><\/p><p style=\"text-align: center;\">Se encarga de gestionar todo lo relacionado con los movimientos de dinero (el cash flow o flujo de caja) dentro de la sociedad.<\/p><p>.<\/p>\t\t\t\t\t\t\t\t<\/div>\n\t\t\t\t<\/div>\n\t\t\t\t<div class=\"elementor-element elementor-element-5c035e2 elementor-widget elementor-widget-spacer\" data-id=\"5c035e2\" data-element_type=\"widget\" data-widget_type=\"spacer.default\">\n\t\t\t\t<div class=\"elementor-widget-container\">\n\t\t\t\t\t\t\t<div class=\"elementor-spacer\">\n\t\t\t<div class=\"elementor-spacer-inner\"><\/div>\n\t\t<\/div>\n\t\t\t\t\t\t<\/div>\n\t\t\t\t<\/div>\n\t\t\t\t\t<\/div>\n\t\t<\/div>\n\t\t\t\t\t<\/div>\n\t\t<\/section>\n\t\t\t\t<section class=\"elementor-section elementor-top-section elementor-element elementor-element-21542b6 elementor-section-boxed elementor-section-height-default elementor-section-height-default\" data-id=\"21542b6\" data-element_type=\"section\">\n\t\t\t\t\t\t<div class=\"elementor-container elementor-column-gap-default\">\n\t\t\t\t\t<div class=\"elementor-column elementor-col-100 elementor-top-column elementor-element elementor-element-311605c\" data-id=\"311605c\" data-element_type=\"column\">\n\t\t\t<div class=\"elementor-widget-wrap elementor-element-populated\">\n\t\t\t\t\t\t<div class=\"elementor-element elementor-element-182c46a elementor-position-top elementor-widget elementor-widget-image-box\" data-id=\"182c46a\" data-element_type=\"widget\" data-widget_type=\"image-box.default\">\n\t\t\t\t<div class=\"elementor-widget-container\">\n\t\t\t\t\t<div class=\"elementor-image-box-wrapper\"><figure class=\"elementor-image-box-img\"><img fetchpriority=\"high\" decoding=\"async\" width=\"425\" height=\"406\" src=\"https:\/\/sciesc.com.mx\/wp-content\/uploads\/2023\/07\/image2.jpeg\" class=\"attachment-full size-full wp-image-808\" alt=\"\" srcset=\"https:\/\/sciesc.com.mx\/wp-content\/uploads\/2023\/07\/image2.jpeg 425w, https:\/\/sciesc.com.mx\/wp-content\/uploads\/2023\/07\/image2-300x287.jpeg 300w, https:\/\/sciesc.com.mx\/wp-content\/uploads\/2023\/07\/image2-71x69.jpeg 71w\" sizes=\"(max-width: 425px) 100vw, 425px\" \/><\/figure><div class=\"elementor-image-box-content\"><h3 class=\"elementor-image-box-title\">CONSEJERO<\/h3><p class=\"elementor-image-box-description\">\n\nPromueve el enfoque en el inter\u00e9s de\nla Sociedad en la toma de decisiones\ndel Consejo de Administraci\u00f3n. Corrige posibles desequilibrios en la toma de decisiones y evita potenciales conflictos de inter\u00e9s. Promueve el enfoque en el inter\u00e9s de la Sociedad en la toma de decisiones del Consejo de Administraci\u00f3n.\n\nMejora la calidad y seguimiento a las\npr\u00e1cticas de gobierno corporativo de\nla Sociedad. Aporta eficacia a la labor de\nsupervisi\u00f3n del director director general y los\ndirectivos relevantes.<\/p><\/div><\/div>\t\t\t\t<\/div>\n\t\t\t\t<\/div>\n\t\t\t\t<div class=\"elementor-element elementor-element-a02292c elementor-widget elementor-widget-spacer\" data-id=\"a02292c\" data-element_type=\"widget\" data-widget_type=\"spacer.default\">\n\t\t\t\t<div class=\"elementor-widget-container\">\n\t\t\t\t\t\t\t<div class=\"elementor-spacer\">\n\t\t\t<div class=\"elementor-spacer-inner\"><\/div>\n\t\t<\/div>\n\t\t\t\t\t\t<\/div>\n\t\t\t\t<\/div>\n\t\t\t\t\t<\/div>\n\t\t<\/div>\n\t\t\t\t\t<\/div>\n\t\t<\/section>\n\t\t\t\t<section class=\"elementor-section elementor-top-section elementor-element elementor-element-f20eb4f elementor-section-boxed elementor-section-height-default elementor-section-height-default\" data-id=\"f20eb4f\" data-element_type=\"section\">\n\t\t\t\t\t\t<div class=\"elementor-container elementor-column-gap-default\">\n\t\t\t\t\t<div class=\"elementor-column elementor-col-100 elementor-top-column elementor-element elementor-element-6bd2cee\" data-id=\"6bd2cee\" data-element_type=\"column\">\n\t\t\t<div class=\"elementor-widget-wrap elementor-element-populated\">\n\t\t\t\t\t\t<div class=\"elementor-element elementor-element-3c0fd59 elementor-position-top elementor-widget elementor-widget-image-box\" data-id=\"3c0fd59\" data-element_type=\"widget\" data-widget_type=\"image-box.default\">\n\t\t\t\t<div class=\"elementor-widget-container\">\n\t\t\t\t\t<div class=\"elementor-image-box-wrapper\"><figure class=\"elementor-image-box-img\"><img decoding=\"async\" width=\"429\" height=\"360\" src=\"https:\/\/sciesc.com.mx\/wp-content\/uploads\/2023\/07\/image3.jpeg\" class=\"attachment-full size-full wp-image-809\" alt=\"\" srcset=\"https:\/\/sciesc.com.mx\/wp-content\/uploads\/2023\/07\/image3.jpeg 429w, https:\/\/sciesc.com.mx\/wp-content\/uploads\/2023\/07\/image3-300x252.jpeg 300w\" sizes=\"(max-width: 429px) 100vw, 429px\" \/><\/figure><div class=\"elementor-image-box-content\"><h3 class=\"elementor-image-box-title\">FAMILY OFFICE<\/h3><p class=\"elementor-image-box-description\">Estructura organizacional que ayuda a gestionar asuntos financieros y personales de una familia con un gran patrimonio, ya que \u00e9ste es controlado exclusivamente atendiendo a las necesidades y preferencias de una sola familia.<\/p><\/div><\/div>\t\t\t\t<\/div>\n\t\t\t\t<\/div>\n\t\t\t\t\t<\/div>\n\t\t<\/div>\n\t\t\t\t\t<\/div>\n\t\t<\/section>\n\t\t\t\t<section class=\"elementor-section elementor-top-section elementor-element elementor-element-ccf634e elementor-section-boxed elementor-section-height-default elementor-section-height-default\" data-id=\"ccf634e\" data-element_type=\"section\">\n\t\t\t\t\t\t<div class=\"elementor-container elementor-column-gap-default\">\n\t\t\t\t\t<div class=\"elementor-column elementor-col-100 elementor-top-column elementor-element elementor-element-002a8a3\" data-id=\"002a8a3\" data-element_type=\"column\">\n\t\t\t<div class=\"elementor-widget-wrap elementor-element-populated\">\n\t\t\t\t\t\t<div class=\"elementor-element elementor-element-12856cf elementor-position-top elementor-widget elementor-widget-image-box\" data-id=\"12856cf\" data-element_type=\"widget\" data-widget_type=\"image-box.default\">\n\t\t\t\t<div class=\"elementor-widget-container\">\n\t\t\t\t\t<div class=\"elementor-image-box-wrapper\"><figure class=\"elementor-image-box-img\"><img decoding=\"async\" width=\"330\" height=\"372\" src=\"https:\/\/sciesc.com.mx\/wp-content\/uploads\/2023\/07\/image4.jpeg\" class=\"attachment-full size-full wp-image-810\" alt=\"\" srcset=\"https:\/\/sciesc.com.mx\/wp-content\/uploads\/2023\/07\/image4.jpeg 330w, https:\/\/sciesc.com.mx\/wp-content\/uploads\/2023\/07\/image4-266x300.jpeg 266w\" sizes=\"(max-width: 330px) 100vw, 330px\" \/><\/figure><div class=\"elementor-image-box-content\"><h3 class=\"elementor-image-box-title\">CREDITO PRIVADO<\/h3><p class=\"elementor-image-box-description\">Fondo que trata de pr\u00e9stamo concedido a personas f\u00edsicas o entidades de acuerdo a ciertos requisitos de riesgo.<\/p><\/div><\/div>\t\t\t\t<\/div>\n\t\t\t\t<\/div>\n\t\t\t\t\t<\/div>\n\t\t<\/div>\n\t\t\t\t\t<\/div>\n\t\t<\/section>\n\t\t\t\t<section class=\"elementor-section elementor-top-section elementor-element elementor-element-3a07e6b elementor-section-boxed elementor-section-height-default elementor-section-height-default\" data-id=\"3a07e6b\" data-element_type=\"section\">\n\t\t\t\t\t\t<div class=\"elementor-container elementor-column-gap-default\">\n\t\t\t\t\t<div class=\"elementor-column elementor-col-100 elementor-top-column elementor-element elementor-element-85202ed\" data-id=\"85202ed\" data-element_type=\"column\">\n\t\t\t<div class=\"elementor-widget-wrap elementor-element-populated\">\n\t\t\t\t\t\t<div class=\"elementor-element elementor-element-e20dbdf elementor-position-top elementor-widget elementor-widget-image-box\" data-id=\"e20dbdf\" data-element_type=\"widget\" data-widget_type=\"image-box.default\">\n\t\t\t\t<div class=\"elementor-widget-container\">\n\t\t\t\t\t<div class=\"elementor-image-box-wrapper\"><figure class=\"elementor-image-box-img\"><img loading=\"lazy\" decoding=\"async\" width=\"310\" height=\"276\" src=\"https:\/\/sciesc.com.mx\/wp-content\/uploads\/2023\/07\/image5.jpeg\" class=\"attachment-full size-full wp-image-811\" alt=\"\" srcset=\"https:\/\/sciesc.com.mx\/wp-content\/uploads\/2023\/07\/image5.jpeg 310w, https:\/\/sciesc.com.mx\/wp-content\/uploads\/2023\/07\/image5-300x267.jpeg 300w, https:\/\/sciesc.com.mx\/wp-content\/uploads\/2023\/07\/image5-94x84.jpeg 94w\" sizes=\"(max-width: 310px) 100vw, 310px\" \/><\/figure><div class=\"elementor-image-box-content\"><h3 class=\"elementor-image-box-title\">INFRAESTRUCTURA Y ENERGIA<\/h3><p class=\"elementor-image-box-description\">Fondo de capital de riesgo especializado en los sectores de energ\u00eda, comunicaciones y transportes, e hidr\u00e1ulico que sean renovables y amigables con el planeta.<\/p><\/div><\/div>\t\t\t\t<\/div>\n\t\t\t\t<\/div>\n\t\t\t\t\t<\/div>\n\t\t<\/div>\n\t\t\t\t\t<\/div>\n\t\t<\/section>\n\t\t\t\t<section class=\"elementor-section elementor-top-section elementor-element elementor-element-5a3e89c elementor-section-boxed elementor-section-height-default elementor-section-height-default\" data-id=\"5a3e89c\" data-element_type=\"section\">\n\t\t\t\t\t\t<div class=\"elementor-container elementor-column-gap-default\">\n\t\t\t\t\t<div class=\"elementor-column elementor-col-100 elementor-top-column elementor-element elementor-element-72c9d8e\" data-id=\"72c9d8e\" data-element_type=\"column\">\n\t\t\t<div class=\"elementor-widget-wrap elementor-element-populated\">\n\t\t\t\t\t\t<div class=\"elementor-element elementor-element-cacdd7d elementor-position-top elementor-widget elementor-widget-image-box\" data-id=\"cacdd7d\" data-element_type=\"widget\" data-widget_type=\"image-box.default\">\n\t\t\t\t<div class=\"elementor-widget-container\">\n\t\t\t\t\t<div class=\"elementor-image-box-wrapper\"><figure class=\"elementor-image-box-img\"><img loading=\"lazy\" decoding=\"async\" width=\"369\" height=\"425\" src=\"https:\/\/sciesc.com.mx\/wp-content\/uploads\/2023\/07\/image0.jpeg\" class=\"attachment-full size-full wp-image-806\" alt=\"\" srcset=\"https:\/\/sciesc.com.mx\/wp-content\/uploads\/2023\/07\/image0.jpeg 369w, https:\/\/sciesc.com.mx\/wp-content\/uploads\/2023\/07\/image0-260x300.jpeg 260w\" sizes=\"(max-width: 369px) 100vw, 369px\" \/><\/figure><div class=\"elementor-image-box-content\"><h3 class=\"elementor-image-box-title\">BIENES RAICES<\/h3><p class=\"elementor-image-box-description\">Fondo de inversi\u00f3n inmobiliario nos referimos a invertir de manera colectiva en bienes ra\u00edces. Es decir, en el fondo de inversi\u00f3n inmobiliario se coloca el dinero de los inversionistas en proyectos de desarrollo inmobiliario con el objetivo de rentabilizarlo.<\/p><\/div><\/div>\t\t\t\t<\/div>\n\t\t\t\t<\/div>\n\t\t\t\t\t<\/div>\n\t\t<\/div>\n\t\t\t\t\t<\/div>\n\t\t<\/section>\n\t\t\t\t<section class=\"elementor-section elementor-top-section elementor-element elementor-element-c2623a3 elementor-section-boxed elementor-section-height-default elementor-section-height-default\" data-id=\"c2623a3\" data-element_type=\"section\">\n\t\t\t\t\t\t<div class=\"elementor-container elementor-column-gap-default\">\n\t\t\t\t\t<div class=\"elementor-column elementor-col-100 elementor-top-column elementor-element elementor-element-ebf49c7\" data-id=\"ebf49c7\" data-element_type=\"column\">\n\t\t\t<div class=\"elementor-widget-wrap elementor-element-populated\">\n\t\t\t\t\t\t<div class=\"elementor-element elementor-element-b49380e elementor-position-top elementor-widget elementor-widget-image-box\" data-id=\"b49380e\" data-element_type=\"widget\" data-widget_type=\"image-box.default\">\n\t\t\t\t<div class=\"elementor-widget-container\">\n\t\t\t\t\t<div class=\"elementor-image-box-wrapper\"><figure class=\"elementor-image-box-img\"><img loading=\"lazy\" decoding=\"async\" width=\"534\" height=\"397\" src=\"https:\/\/sciesc.com.mx\/wp-content\/uploads\/2023\/07\/image1.jpeg\" class=\"attachment-full size-full wp-image-807\" alt=\"\" srcset=\"https:\/\/sciesc.com.mx\/wp-content\/uploads\/2023\/07\/image1.jpeg 534w, https:\/\/sciesc.com.mx\/wp-content\/uploads\/2023\/07\/image1-300x223.jpeg 300w\" sizes=\"(max-width: 534px) 100vw, 534px\" \/><\/figure><div class=\"elementor-image-box-content\"><h3 class=\"elementor-image-box-title\">CAPITAL DE CRECIMIENTO<\/h3><p class=\"elementor-image-box-description\">Fondo de inversi\u00f3n concentra el dinero de muchos inversionistas para invertir en una amplia gama de instrumentos financieros, como valores de deuda, acciones u otros t\u00edtulos de capital y valores de deuda de empresas privadas o valores bancarios, dependiendo del objetivo de inversi\u00f3n del fondo y con la finalidad de ofrecer un rendimiento adecuado a sus inversionistas.\n\nComo los fondos de inversi\u00f3n pueden invertir en muchos instrumentos con diferentes caracter\u00edsticas, los riesgos de su inversi\u00f3n se diversifican, a diferencia de invertir en un solo instrumento o en un n\u00famero reducido de instrumentos emitidos por una o varias empresas.<\/p><\/div><\/div>\t\t\t\t<\/div>\n\t\t\t\t<\/div>\n\t\t\t\t\t<\/div>\n\t\t<\/div>\n\t\t\t\t\t<\/div>\n\t\t<\/section>\n\t\t\t\t<section class=\"elementor-section elementor-top-section elementor-element elementor-element-08b7acf elementor-section-boxed elementor-section-height-default elementor-section-height-default\" data-id=\"08b7acf\" data-element_type=\"section\">\n\t\t\t\t\t\t<div class=\"elementor-container elementor-column-gap-default\">\n\t\t\t\t\t<div class=\"elementor-column elementor-col-100 elementor-top-column elementor-element elementor-element-cd3cd60\" data-id=\"cd3cd60\" data-element_type=\"column\">\n\t\t\t<div class=\"elementor-widget-wrap elementor-element-populated\">\n\t\t\t\t\t\t<div class=\"elementor-element elementor-element-1fd1ad4 elementor-position-top elementor-widget elementor-widget-image-box\" data-id=\"1fd1ad4\" data-element_type=\"widget\" data-widget_type=\"image-box.default\">\n\t\t\t\t<div class=\"elementor-widget-container\">\n\t\t\t\t\t<div class=\"elementor-image-box-wrapper\"><figure class=\"elementor-image-box-img\"><img loading=\"lazy\" decoding=\"async\" width=\"383\" height=\"408\" src=\"https:\/\/sciesc.com.mx\/wp-content\/uploads\/2023\/07\/image6.jpeg\" class=\"attachment-full size-full wp-image-812\" alt=\"\" srcset=\"https:\/\/sciesc.com.mx\/wp-content\/uploads\/2023\/07\/image6.jpeg 383w, https:\/\/sciesc.com.mx\/wp-content\/uploads\/2023\/07\/image6-282x300.jpeg 282w\" sizes=\"(max-width: 383px) 100vw, 383px\" \/><\/figure><div class=\"elementor-image-box-content\"><h3 class=\"elementor-image-box-title\">CAPITAL EMPRENDEDOR<\/h3><p class=\"elementor-image-box-description\">Fondo que tiene como objeto incentivar el crecimiento econ\u00f3mico nacional, regional y sectorial, mediante el fomento a la productividad e innovaci\u00f3n en las micro, peque\u00f1as y medianas empresas ubicadas en sectores estrat\u00e9gicos, que impulse el fortalecimiento ordenado, planificado y sistem\u00e1tico del emprendimiento y del desarrollo empresarial en todo el territorio nacional, as\u00ed como la consolidaci\u00f3n de una econom\u00eda innovadora, din\u00e1mica y competitiva.<\/p><\/div><\/div>\t\t\t\t<\/div>\n\t\t\t\t<\/div>\n\t\t\t\t\t<\/div>\n\t\t<\/div>\n\t\t\t\t\t<\/div>\n\t\t<\/section>\n\t\t\t\t<\/div>","protected":false},"excerpt":{"rendered":"<p>Gobierno Corporativo Para llevar a cabo los objetivos de la Asociaci\u00f3n y para proponer iniciativas que alimenten el desarrollo de nuestra Instituci\u00f3n y Comunidad, el Consejo Directivo de SCIESCo esta integrado por un Presidente, Tesorero, Secretario y Consejeros que representan a las diferentes estrategias. El Consejo Directivo se apoya de los diferentes Comit\u00e9s de Estrategia [&hellip;]<\/p>","protected":false},"author":2,"featured_media":0,"parent":0,"menu_order":0,"comment_status":"closed","ping_status":"closed","template":"","meta":{"footnotes":""},"class_list":["post-706","page","type-page","status-publish","hentry"],"_links":{"self":[{"href":"https:\/\/sciesc.com.mx\/en\/wp-json\/wp\/v2\/pages\/706","targetHints":{"allow":["GET"]}}],"collection":[{"href":"https:\/\/sciesc.com.mx\/en\/wp-json\/wp\/v2\/pages"}],"about":[{"href":"https:\/\/sciesc.com.mx\/en\/wp-json\/wp\/v2\/types\/page"}],"author":[{"embeddable":true,"href":"https:\/\/sciesc.com.mx\/en\/wp-json\/wp\/v2\/users\/2"}],"replies":[{"embeddable":true,"href":"https:\/\/sciesc.com.mx\/en\/wp-json\/wp\/v2\/comments?post=706"}],"version-history":[{"count":30,"href":"https:\/\/sciesc.com.mx\/en\/wp-json\/wp\/v2\/pages\/706\/revisions"}],"predecessor-version":[{"id":843,"href":"https:\/\/sciesc.com.mx\/en\/wp-json\/wp\/v2\/pages\/706\/revisions\/843"}],"wp:attachment":[{"href":"https:\/\/sciesc.com.mx\/en\/wp-json\/wp\/v2\/media?parent=706"}],"curies":[{"name":"wp","href":"https:\/\/api.w.org\/{rel}","templated":true}]}}