{"id":708,"date":"2023-01-28T18:04:47","date_gmt":"2023-01-29T00:04:47","guid":{"rendered":"https:\/\/sciesc.com.mx\/?page_id=708"},"modified":"2025-04-13T11:16:53","modified_gmt":"2025-04-13T17:16:53","slug":"network","status":"publish","type":"page","link":"https:\/\/sciesc.com.mx\/en\/network\/","title":{"rendered":"Network"},"content":{"rendered":"<div data-elementor-type=\"wp-page\" data-elementor-id=\"708\" class=\"elementor elementor-708\">\n\t\t\t\t\t\t<section class=\"elementor-section elementor-top-section elementor-element elementor-element-e405178 elementor-section-boxed elementor-section-height-default elementor-section-height-default\" data-id=\"e405178\" data-element_type=\"section\">\n\t\t\t\t\t\t<div class=\"elementor-container elementor-column-gap-default\">\n\t\t\t\t\t<div class=\"elementor-column elementor-col-100 elementor-top-column elementor-element elementor-element-0be098c\" data-id=\"0be098c\" data-element_type=\"column\">\n\t\t\t<div class=\"elementor-widget-wrap elementor-element-populated\">\n\t\t\t\t\t\t<section class=\"elementor-section elementor-inner-section elementor-element elementor-element-ec8a280 elementor-section-boxed elementor-section-height-default elementor-section-height-default\" data-id=\"ec8a280\" data-element_type=\"section\">\n\t\t\t\t\t\t<div class=\"elementor-container elementor-column-gap-default\">\n\t\t\t\t\t<div class=\"elementor-column elementor-col-50 elementor-inner-column elementor-element elementor-element-8bed40d\" data-id=\"8bed40d\" data-element_type=\"column\">\n\t\t\t<div class=\"elementor-widget-wrap elementor-element-populated\">\n\t\t\t\t\t\t<div class=\"elementor-element elementor-element-b31eef6 elementor-widget elementor-widget-image\" data-id=\"b31eef6\" data-element_type=\"widget\" data-widget_type=\"image.default\">\n\t\t\t\t<div class=\"elementor-widget-container\">\n\t\t\t\t\t\t\t\t\t\t\t\t<figure class=\"wp-caption\">\n\t\t\t\t\t\t\t\t\t\t<img fetchpriority=\"high\" decoding=\"async\" width=\"300\" height=\"300\" src=\"https:\/\/sciesc.com.mx\/wp-content\/uploads\/2023\/02\/300404850_519584369971391_1514944348199190094_n-300x300.jpg\" class=\"attachment-medium size-medium wp-image-776\" alt=\"\" srcset=\"https:\/\/sciesc.com.mx\/wp-content\/uploads\/2023\/02\/300404850_519584369971391_1514944348199190094_n-300x300.jpg 300w, https:\/\/sciesc.com.mx\/wp-content\/uploads\/2023\/02\/300404850_519584369971391_1514944348199190094_n-100x100.jpg 100w, https:\/\/sciesc.com.mx\/wp-content\/uploads\/2023\/02\/300404850_519584369971391_1514944348199190094_n-150x150.jpg 150w, https:\/\/sciesc.com.mx\/wp-content\/uploads\/2023\/02\/300404850_519584369971391_1514944348199190094_n.jpg 338w\" sizes=\"(max-width: 300px) 100vw, 300px\" \/>\t\t\t\t\t\t\t\t\t\t\t<figcaption class=\"widget-image-caption wp-caption-text\">hinvestors.mx<\/figcaption>\n\t\t\t\t\t\t\t\t\t\t<\/figure>\n\t\t\t\t\t\t\t\t\t<\/div>\n\t\t\t\t<\/div>\n\t\t\t\t\t<\/div>\n\t\t<\/div>\n\t\t\t\t<div class=\"elementor-column elementor-col-50 elementor-inner-column elementor-element elementor-element-8ca2b3d\" data-id=\"8ca2b3d\" data-element_type=\"column\">\n\t\t\t<div class=\"elementor-widget-wrap elementor-element-populated\">\n\t\t\t\t\t\t<div class=\"elementor-element elementor-element-6bd23aa elementor-widget elementor-widget-text-editor\" data-id=\"6bd23aa\" data-element_type=\"widget\" data-widget_type=\"text-editor.default\">\n\t\t\t\t<div class=\"elementor-widget-container\">\n\t\t\t\t\t\t\t\t\t<p>Nuestra asesor\u00eda en inversiones seguras; est\u00e1n impulsadas por la amplia experiencia, adaptamos los mas altos est\u00e1ndares de gesti\u00f3n de riesgos y an\u00e1lisis tanto fundamentales como t\u00e9cnicos. Generamos estrategias y herramientas diversificadas, todas con la intenci\u00f3n de minimizar el riesgo y maximizar las ganancias.<\/p><p>Nos distingue la integridad de nuestra oferta, transparencia y nuestro rendimiento excepcional. Ofrecemos una opci\u00f3n segura y confiable en aseria de inversiones tanto para clientes como inversionistas institucionales, en nuestros productos innovadores con flujos de pago garantizados a fechas prestablecidas.<\/p><p>En los \u00faltimos 5 a\u00f1os hemos excedido las expectativas en desempe\u00f1o y est\u00e1ndares de asesor\u00eda.<\/p>\t\t\t\t\t\t\t\t<\/div>\n\t\t\t\t<\/div>\n\t\t\t\t\t<\/div>\n\t\t<\/div>\n\t\t\t\t\t<\/div>\n\t\t<\/section>\n\t\t\t\t\t<\/div>\n\t\t<\/div>\n\t\t\t\t\t<\/div>\n\t\t<\/section>\n\t\t\t\t<section class=\"elementor-section elementor-top-section elementor-element elementor-element-3f6756f elementor-section-boxed elementor-section-height-default elementor-section-height-default\" data-id=\"3f6756f\" data-element_type=\"section\">\n\t\t\t\t\t\t<div class=\"elementor-container elementor-column-gap-default\">\n\t\t\t\t\t<div class=\"elementor-column elementor-col-33 elementor-top-column elementor-element elementor-element-a50fc7b\" data-id=\"a50fc7b\" data-element_type=\"column\">\n\t\t\t<div class=\"elementor-widget-wrap elementor-element-populated\">\n\t\t\t\t\t\t<div class=\"elementor-element elementor-element-e731f80 elementor-widget elementor-widget-image\" data-id=\"e731f80\" data-element_type=\"widget\" data-widget_type=\"image.default\">\n\t\t\t\t<div class=\"elementor-widget-container\">\n\t\t\t\t\t\t\t\t\t\t\t\t<figure class=\"wp-caption\">\n\t\t\t\t\t\t\t\t\t\t<img decoding=\"async\" width=\"225\" height=\"225\" src=\"https:\/\/sciesc.com.mx\/wp-content\/uploads\/2023\/03\/descarga.png\" class=\"attachment-large size-large wp-image-795\" alt=\"\" srcset=\"https:\/\/sciesc.com.mx\/wp-content\/uploads\/2023\/03\/descarga.png 225w, https:\/\/sciesc.com.mx\/wp-content\/uploads\/2023\/03\/descarga-150x150.png 150w, https:\/\/sciesc.com.mx\/wp-content\/uploads\/2023\/03\/descarga-100x100.png 100w\" sizes=\"(max-width: 225px) 100vw, 225px\" \/>\t\t\t\t\t\t\t\t\t\t\t<figcaption class=\"widget-image-caption wp-caption-text\">Seguros CIA<\/figcaption>\n\t\t\t\t\t\t\t\t\t\t<\/figure>\n\t\t\t\t\t\t\t\t\t<\/div>\n\t\t\t\t<\/div>\n\t\t\t\t\t<\/div>\n\t\t<\/div>\n\t\t\t\t<div class=\"elementor-column elementor-col-66 elementor-top-column elementor-element elementor-element-dac2b48\" data-id=\"dac2b48\" data-element_type=\"column\">\n\t\t\t<div class=\"elementor-widget-wrap elementor-element-populated\">\n\t\t\t\t\t\t<div class=\"elementor-element elementor-element-a45637b elementor-widget elementor-widget-text-editor\" data-id=\"a45637b\" data-element_type=\"widget\" data-widget_type=\"text-editor.default\">\n\t\t\t\t<div class=\"elementor-widget-container\">\n\t\t\t\t\t\t\t\t\t<p>\u00a0<\/p><p>Nuestra misi\u00f3n es respaldar y brindar asesor\u00eda a la fuerza productora en L\u00edneas Personales y Comerciales, buscando los mejores beneficios, coberturas, costos y ventajas del mercado nacional asegurador.<\/p><p>Somos suscriptores especialistas con m\u00e1s de treinta a\u00f1os de experiencia en los ramos de Autos, Da\u00f1os, Vida y Gastos M\u00e9dicos, ofrecemos cotizaciones, suscripci\u00f3n especializada, servicios de ingenier\u00eda y asistencia con los prospectos.<\/p>\t\t\t\t\t\t\t\t<\/div>\n\t\t\t\t<\/div>\n\t\t\t\t\t<\/div>\n\t\t<\/div>\n\t\t\t\t\t<\/div>\n\t\t<\/section>\n\t\t\t\t<section class=\"elementor-section elementor-top-section elementor-element elementor-element-d3bdb01 elementor-section-boxed elementor-section-height-default elementor-section-height-default\" data-id=\"d3bdb01\" data-element_type=\"section\">\n\t\t\t\t\t\t<div class=\"elementor-container elementor-column-gap-default\">\n\t\t\t\t\t<div class=\"elementor-column elementor-col-50 elementor-top-column elementor-element elementor-element-15f2049\" data-id=\"15f2049\" data-element_type=\"column\">\n\t\t\t<div class=\"elementor-widget-wrap elementor-element-populated\">\n\t\t\t\t\t\t<div class=\"elementor-element elementor-element-0486ec9 elementor-widget elementor-widget-image\" data-id=\"0486ec9\" data-element_type=\"widget\" data-widget_type=\"image.default\">\n\t\t\t\t<div class=\"elementor-widget-container\">\n\t\t\t\t\t\t\t\t\t\t\t\t\t\t\t<img decoding=\"async\" width=\"474\" height=\"460\" src=\"https:\/\/sciesc.com.mx\/wp-content\/uploads\/2023\/10\/CuestionarioIntegra.jpg\" class=\"attachment-medium_large size-medium_large wp-image-863\" alt=\"\" srcset=\"https:\/\/sciesc.com.mx\/wp-content\/uploads\/2023\/10\/CuestionarioIntegra.jpg 474w, https:\/\/sciesc.com.mx\/wp-content\/uploads\/2023\/10\/CuestionarioIntegra-300x291.jpg 300w, https:\/\/sciesc.com.mx\/wp-content\/uploads\/2023\/10\/CuestionarioIntegra-71x69.jpg 71w\" sizes=\"(max-width: 474px) 100vw, 474px\" \/>\t\t\t\t\t\t\t\t\t\t\t\t\t\t\t<\/div>\n\t\t\t\t<\/div>\n\t\t\t\t\t<\/div>\n\t\t<\/div>\n\t\t\t\t<div class=\"elementor-column elementor-col-50 elementor-top-column elementor-element elementor-element-d87878d\" data-id=\"d87878d\" data-element_type=\"column\">\n\t\t\t<div class=\"elementor-widget-wrap elementor-element-populated\">\n\t\t\t\t\t\t<div class=\"elementor-element elementor-element-6233eb0 elementor-widget elementor-widget-text-editor\" data-id=\"6233eb0\" data-element_type=\"widget\" data-widget_type=\"text-editor.default\">\n\t\t\t\t<div class=\"elementor-widget-container\">\n\t\t\t\t\t\t\t\t\t<p>SCIESC reconoce la oportunidad de vincularte con otros empresarios como t\u00fa para hacer sinergias y aprovechar las oportunidades que se est\u00e1n generando en el mercado.<\/p><p>Nuestro objetivo<\/p><p>\u2022 Fomentar las relaciones estables entre profesionales de diferentes sectores<br \/>que pueden desembocar en nuevas relaciones cliente-proveedor-inversiones.<\/p><p>\u2022 Agrupamos empresas de capitales comunes o relacionados que buscan<br \/>maximizar sus recursos econ\u00f3micos generando conexiones.<\/p><p>\u2022 Orientamos negocios con asesor\u00edas personalizadas<\/p><p><span style=\"color: var( --e-global-color-text ); font-family: var( --e-global-typography-text-font-family ), Sans-serif; font-weight: var( --e-global-typography-text-font-weight );\">\u2022 Marketing y Ventas con estructuras y proyecciones en redes sociales<\/span><\/p><p><span style=\"color: var( --e-global-color-text ); font-family: var( --e-global-typography-text-font-family ), Sans-serif; font-weight: var( --e-global-typography-text-font-weight );\">\u2022 Maximizar la creatividad de negocios y componentes ESG.<\/span><\/p>\t\t\t\t\t\t\t\t<\/div>\n\t\t\t\t<\/div>\n\t\t\t\t\t<\/div>\n\t\t<\/div>\n\t\t\t\t\t<\/div>\n\t\t<\/section>\n\t\t\t\t<section class=\"elementor-section elementor-top-section elementor-element elementor-element-6792357 elementor-section-boxed elementor-section-height-default elementor-section-height-default\" data-id=\"6792357\" data-element_type=\"section\">\n\t\t\t\t\t\t<div class=\"elementor-container elementor-column-gap-default\">\n\t\t\t\t\t<div class=\"elementor-column elementor-col-100 elementor-top-column elementor-element elementor-element-610588e\" data-id=\"610588e\" data-element_type=\"column\">\n\t\t\t<div class=\"elementor-widget-wrap elementor-element-populated\">\n\t\t\t\t\t\t<div class=\"elementor-element elementor-element-3ee1e45 elementor-widget elementor-widget-image-gallery\" data-id=\"3ee1e45\" data-element_type=\"widget\" data-widget_type=\"image-gallery.default\">\n\t\t\t\t<div class=\"elementor-widget-container\">\n\t\t\t\t\t\t\t<div class=\"elementor-image-gallery\">\n\t\t\t<div id='gallery-1' class='gallery galleryid-708 gallery-columns-3 gallery-size-medium'><figure class='gallery-item'>\n\t\t\t<div class='gallery-icon landscape'>\n\t\t\t\t<a data-elementor-open-lightbox=\"yes\" data-elementor-lightbox-slideshow=\"3ee1e45\" data-elementor-lightbox-title=\"6f717c04f3d4cb0aee1fc9332ec6f7a1\" data-e-action-hash=\"#elementor-action%3Aaction%3Dlightbox%26settings%3DeyJpZCI6MTA0NywidXJsIjoiaHR0cHM6XC9cL3NjaWVzYy5jb20ubXhcL3dwLWNvbnRlbnRcL3VwbG9hZHNcLzIwMjVcLzA0XC82ZjcxN2MwNGYzZDRjYjBhZWUxZmM5MzMyZWM2ZjdhMS5qcGciLCJzbGlkZXNob3ciOiIzZWUxZTQ1In0%3D\" href='https:\/\/sciesc.com.mx\/wp-content\/uploads\/2025\/04\/6f717c04f3d4cb0aee1fc9332ec6f7a1.jpg'><img loading=\"lazy\" decoding=\"async\" width=\"300\" height=\"300\" src=\"https:\/\/sciesc.com.mx\/wp-content\/uploads\/2025\/04\/6f717c04f3d4cb0aee1fc9332ec6f7a1-300x300.jpg\" class=\"attachment-medium size-medium\" alt=\"\" aria-describedby=\"gallery-1-1047\" srcset=\"https:\/\/sciesc.com.mx\/wp-content\/uploads\/2025\/04\/6f717c04f3d4cb0aee1fc9332ec6f7a1-300x300.jpg 300w, https:\/\/sciesc.com.mx\/wp-content\/uploads\/2025\/04\/6f717c04f3d4cb0aee1fc9332ec6f7a1-150x150.jpg 150w, https:\/\/sciesc.com.mx\/wp-content\/uploads\/2025\/04\/6f717c04f3d4cb0aee1fc9332ec6f7a1-12x12.jpg 12w, https:\/\/sciesc.com.mx\/wp-content\/uploads\/2025\/04\/6f717c04f3d4cb0aee1fc9332ec6f7a1-400x400.jpg 400w, https:\/\/sciesc.com.mx\/wp-content\/uploads\/2025\/04\/6f717c04f3d4cb0aee1fc9332ec6f7a1-160x160.jpg 160w, https:\/\/sciesc.com.mx\/wp-content\/uploads\/2025\/04\/6f717c04f3d4cb0aee1fc9332ec6f7a1-600x600.jpg 600w, https:\/\/sciesc.com.mx\/wp-content\/uploads\/2025\/04\/6f717c04f3d4cb0aee1fc9332ec6f7a1-100x100.jpg 100w, https:\/\/sciesc.com.mx\/wp-content\/uploads\/2025\/04\/6f717c04f3d4cb0aee1fc9332ec6f7a1.jpg 736w\" sizes=\"(max-width: 300px) 100vw, 300px\" \/><\/a>\n\t\t\t<\/div>\n\t\t\t\t<figcaption class='wp-caption-text gallery-caption' id='gallery-1-1047'>\n\t\t\t\tSports &#038; Wellness\n\t\t\t\t<\/figcaption><\/figure><figure class='gallery-item'>\n\t\t\t<div class='gallery-icon portrait'>\n\t\t\t\t<a data-elementor-open-lightbox=\"yes\" data-elementor-lightbox-slideshow=\"3ee1e45\" data-elementor-lightbox-title=\"e1197441c6d28b32e8335ff5b52d8b60\" data-e-action-hash=\"#elementor-action%3Aaction%3Dlightbox%26settings%3DeyJpZCI6MTA0OCwidXJsIjoiaHR0cHM6XC9cL3NjaWVzYy5jb20ubXhcL3dwLWNvbnRlbnRcL3VwbG9hZHNcLzIwMjVcLzA0XC9lMTE5NzQ0MWM2ZDI4YjMyZTgzMzVmZjViNTJkOGI2MC5qcGciLCJzbGlkZXNob3ciOiIzZWUxZTQ1In0%3D\" href='https:\/\/sciesc.com.mx\/wp-content\/uploads\/2025\/04\/e1197441c6d28b32e8335ff5b52d8b60.jpg'><img loading=\"lazy\" decoding=\"async\" width=\"200\" height=\"300\" src=\"https:\/\/sciesc.com.mx\/wp-content\/uploads\/2025\/04\/e1197441c6d28b32e8335ff5b52d8b60-200x300.jpg\" class=\"attachment-medium size-medium\" alt=\"\" aria-describedby=\"gallery-1-1048\" srcset=\"https:\/\/sciesc.com.mx\/wp-content\/uploads\/2025\/04\/e1197441c6d28b32e8335ff5b52d8b60-200x300.jpg 200w, https:\/\/sciesc.com.mx\/wp-content\/uploads\/2025\/04\/e1197441c6d28b32e8335ff5b52d8b60-683x1024.jpg 683w, https:\/\/sciesc.com.mx\/wp-content\/uploads\/2025\/04\/e1197441c6d28b32e8335ff5b52d8b60-8x12.jpg 8w, https:\/\/sciesc.com.mx\/wp-content\/uploads\/2025\/04\/e1197441c6d28b32e8335ff5b52d8b60-600x900.jpg 600w, https:\/\/sciesc.com.mx\/wp-content\/uploads\/2025\/04\/e1197441c6d28b32e8335ff5b52d8b60.jpg 736w\" sizes=\"(max-width: 200px) 100vw, 200px\" \/><\/a>\n\t\t\t<\/div>\n\t\t\t\t<figcaption class='wp-caption-text gallery-caption' id='gallery-1-1048'>\n\t\t\t\tEntrepreneurship Club\n\t\t\t\t<\/figcaption><\/figure><figure class='gallery-item'>\n\t\t\t<div class='gallery-icon landscape'>\n\t\t\t\t<a data-elementor-open-lightbox=\"yes\" data-elementor-lightbox-slideshow=\"3ee1e45\" data-elementor-lightbox-title=\"2d3eedae7ba68101f64a9fe924364c3a\" data-e-action-hash=\"#elementor-action%3Aaction%3Dlightbox%26settings%3DeyJpZCI6MTA0NiwidXJsIjoiaHR0cHM6XC9cL3NjaWVzYy5jb20ubXhcL3dwLWNvbnRlbnRcL3VwbG9hZHNcLzIwMjVcLzA0XC8yZDNlZWRhZTdiYTY4MTAxZjY0YTlmZTkyNDM2NGMzYS5qcGciLCJzbGlkZXNob3ciOiIzZWUxZTQ1In0%3D\" href='https:\/\/sciesc.com.mx\/wp-content\/uploads\/2025\/04\/2d3eedae7ba68101f64a9fe924364c3a.jpg'><img loading=\"lazy\" decoding=\"async\" width=\"300\" height=\"300\" src=\"https:\/\/sciesc.com.mx\/wp-content\/uploads\/2025\/04\/2d3eedae7ba68101f64a9fe924364c3a-300x300.jpg\" class=\"attachment-medium size-medium\" alt=\"\" aria-describedby=\"gallery-1-1046\" srcset=\"https:\/\/sciesc.com.mx\/wp-content\/uploads\/2025\/04\/2d3eedae7ba68101f64a9fe924364c3a-300x300.jpg 300w, https:\/\/sciesc.com.mx\/wp-content\/uploads\/2025\/04\/2d3eedae7ba68101f64a9fe924364c3a-150x150.jpg 150w, https:\/\/sciesc.com.mx\/wp-content\/uploads\/2025\/04\/2d3eedae7ba68101f64a9fe924364c3a-12x12.jpg 12w, https:\/\/sciesc.com.mx\/wp-content\/uploads\/2025\/04\/2d3eedae7ba68101f64a9fe924364c3a-400x400.jpg 400w, https:\/\/sciesc.com.mx\/wp-content\/uploads\/2025\/04\/2d3eedae7ba68101f64a9fe924364c3a-160x160.jpg 160w, https:\/\/sciesc.com.mx\/wp-content\/uploads\/2025\/04\/2d3eedae7ba68101f64a9fe924364c3a-100x100.jpg 100w, https:\/\/sciesc.com.mx\/wp-content\/uploads\/2025\/04\/2d3eedae7ba68101f64a9fe924364c3a.jpg 535w\" sizes=\"(max-width: 300px) 100vw, 300px\" \/><\/a>\n\t\t\t<\/div>\n\t\t\t\t<figcaption class='wp-caption-text gallery-caption' id='gallery-1-1046'>\n\t\t\t\tWomen Initiative\n\t\t\t\t<\/figcaption><\/figure>\n\t\t<\/div>\n\t\t<\/div>\n\t\t\t\t\t\t<\/div>\n\t\t\t\t<\/div>\n\t\t\t\t\t<\/div>\n\t\t<\/div>\n\t\t\t\t\t<\/div>\n\t\t<\/section>\n\t\t\t\t<\/div>","protected":false},"excerpt":{"rendered":"<p>hinvestors.mx Nuestra asesor\u00eda en inversiones seguras; est\u00e1n impulsadas por la amplia experiencia, adaptamos los mas altos est\u00e1ndares de gesti\u00f3n de riesgos y an\u00e1lisis tanto fundamentales como t\u00e9cnicos. Generamos estrategias y herramientas diversificadas, todas con la intenci\u00f3n de minimizar el riesgo y maximizar las ganancias. Nos distingue la integridad de nuestra oferta, transparencia y nuestro rendimiento [&hellip;]<\/p>","protected":false},"author":2,"featured_media":0,"parent":0,"menu_order":0,"comment_status":"closed","ping_status":"closed","template":"","meta":{"footnotes":""},"class_list":["post-708","page","type-page","status-publish","hentry"],"_links":{"self":[{"href":"https:\/\/sciesc.com.mx\/en\/wp-json\/wp\/v2\/pages\/708","targetHints":{"allow":["GET"]}}],"collection":[{"href":"https:\/\/sciesc.com.mx\/en\/wp-json\/wp\/v2\/pages"}],"about":[{"href":"https:\/\/sciesc.com.mx\/en\/wp-json\/wp\/v2\/types\/page"}],"author":[{"embeddable":true,"href":"https:\/\/sciesc.com.mx\/en\/wp-json\/wp\/v2\/users\/2"}],"replies":[{"embeddable":true,"href":"https:\/\/sciesc.com.mx\/en\/wp-json\/wp\/v2\/comments?post=708"}],"version-history":[{"count":16,"href":"https:\/\/sciesc.com.mx\/en\/wp-json\/wp\/v2\/pages\/708\/revisions"}],"predecessor-version":[{"id":1052,"href":"https:\/\/sciesc.com.mx\/en\/wp-json\/wp\/v2\/pages\/708\/revisions\/1052"}],"wp:attachment":[{"href":"https:\/\/sciesc.com.mx\/en\/wp-json\/wp\/v2\/media?parent=708"}],"curies":[{"name":"wp","href":"https:\/\/api.w.org\/{rel}","templated":true}]}}