{"id":715,"date":"2023-10-15T09:03:47","date_gmt":"2023-10-15T15:03:47","guid":{"rendered":"https:\/\/sciesc.com.mx\/?page_id=715"},"modified":"2025-01-19T18:13:28","modified_gmt":"2025-01-20T00:13:28","slug":"merch","status":"publish","type":"page","link":"https:\/\/sciesc.com.mx\/en\/merch\/","title":{"rendered":"Fundaci\u00f3n"},"content":{"rendered":"<div data-elementor-type=\"wp-page\" data-elementor-id=\"715\" class=\"elementor elementor-715\">\n\t\t\t\t\t\t<section class=\"elementor-section elementor-top-section elementor-element elementor-element-17d3130 elementor-section-boxed elementor-section-height-default elementor-section-height-default\" data-id=\"17d3130\" data-element_type=\"section\">\n\t\t\t\t\t\t<div class=\"elementor-container elementor-column-gap-default\">\n\t\t\t\t\t<div class=\"elementor-column elementor-col-100 elementor-top-column elementor-element elementor-element-c46b9fb\" data-id=\"c46b9fb\" data-element_type=\"column\">\n\t\t\t<div class=\"elementor-widget-wrap elementor-element-populated\">\n\t\t\t\t\t\t<div class=\"elementor-element elementor-element-21bac47 elementor-widget elementor-widget-heading\" data-id=\"21bac47\" data-element_type=\"widget\" data-widget_type=\"heading.default\">\n\t\t\t\t<div class=\"elementor-widget-container\">\n\t\t\t\t\t<h2 class=\"elementor-heading-title elementor-size-default\">Trascencdecia de valores<\/h2>\t\t\t\t<\/div>\n\t\t\t\t<\/div>\n\t\t\t\t\t<\/div>\n\t\t<\/div>\n\t\t\t\t\t<\/div>\n\t\t<\/section>\n\t\t\t\t<section class=\"elementor-section elementor-top-section elementor-element elementor-element-966dfde elementor-section-boxed elementor-section-height-default elementor-section-height-default\" data-id=\"966dfde\" data-element_type=\"section\">\n\t\t\t\t\t\t<div class=\"elementor-container elementor-column-gap-default\">\n\t\t\t\t\t<div class=\"elementor-column elementor-col-100 elementor-top-column elementor-element elementor-element-b6b5e39\" data-id=\"b6b5e39\" data-element_type=\"column\">\n\t\t\t<div class=\"elementor-widget-wrap elementor-element-populated\">\n\t\t\t\t\t\t<div class=\"elementor-element elementor-element-26ca3e9 elementor-widget elementor-widget-text-editor\" data-id=\"26ca3e9\" data-element_type=\"widget\" data-widget_type=\"text-editor.default\">\n\t\t\t\t<div class=\"elementor-widget-container\">\n\t\t\t\t\t\t\t\t\t<p><span style=\"color: #888888; font-family: 'Open Sans', Helvetica, Arial; font-size: 20px;\">Estamos orgullosos de ser aliados de la Fundaci\u00f3n IntegraCo una ONG que alienta a los ni\u00f1os y j\u00f3venes y mujeres a ser emprendedores, provey\u00e9ndoles de recursos espirituales, cognitivos y econ\u00f3micos para desarrollar su potencial en Norteamerica, Centroam\u00e9rica y Sudamerica.<\/span><\/p><p><span style=\"color: #888888; font-family: 'Open Sans', Helvetica, Arial; font-size: 20px;\">Promoviendo eventos Health, Educaci\u00f3n, Deporte y exparcimiento. Apoyados por instituciones p\u00fablicas y privadas, llevando esperanza a nivel mundial con nuestros espacios. \u00a1Somos prop\u00f3sitos de Vida!<\/span><\/p><p>Organizaci\u00f3n s\u00f3lida y sostenible, referente en la formaci\u00f3n y acompa\u00f1amiento de personas due\u00f1as de un micronegocio, cuyas empresas perduran, se consolidan y crecen, de manera que mejoran su calidad de vida y generan oportunidades para sus familias y su comunidad.<\/p><p><span style=\"color: var( --e-global-color-text ); font-family: var( --e-global-typography-text-font-family ), Sans-serif; font-weight: var( --e-global-typography-text-font-weight );\">* Programa Semillas de Esperanza<\/span><\/p><p><span style=\"color: var( --e-global-color-text ); font-family: var( --e-global-typography-text-font-family ), Sans-serif; font-weight: var( --e-global-typography-text-font-weight );\">* Sinergia Social<\/span><\/p><p><span style=\"color: var( --e-global-color-text ); font-family: var( --e-global-typography-text-font-family ), Sans-serif; font-weight: var( --e-global-typography-text-font-weight );\">* Madres Prodigiosas<\/span><\/p>\t\t\t\t\t\t\t\t<\/div>\n\t\t\t\t<\/div>\n\t\t\t\t<div class=\"elementor-element elementor-element-60b1cf0 elementor-widget elementor-widget-text-editor\" data-id=\"60b1cf0\" data-element_type=\"widget\" data-widget_type=\"text-editor.default\">\n\t\t\t\t<div class=\"elementor-widget-container\">\n\t\t\t\t\t\t\t\t\t<div class=\"elementor-element elementor-element-0a1cd64 elementor-widget elementor-widget-heading\" data-id=\"0a1cd64\" data-element_type=\"widget\" data-settings=\"{&quot;ekit_we_effect_on&quot;:&quot;none&quot;}\" data-widget_type=\"heading.default\"><div class=\"elementor-widget-container\"><h2 class=\"elementor-heading-title elementor-size-default\">Coaches<\/h2><\/div><\/div><div class=\"elementor-element elementor-element-5fec8f0 elementor-widget elementor-widget-text-editor\" data-id=\"5fec8f0\" data-element_type=\"widget\" data-settings=\"{&quot;ekit_we_effect_on&quot;:&quot;none&quot;}\" data-widget_type=\"text-editor.default\"><div class=\"elementor-widget-container\"><p>M\u00e1s de 15 coaches y asesores especializados en temas de: Ventas y Servicio al Cliente, Costos, Finanzas y Aspectos Fiscales y Legales, Desarrollo Humano, Administraci\u00f3n y Mercadotecnia.<\/p><p><b>\u00a1Convi\u00e9rtete en Coach\/Asesor!<\/b><\/p><p>Siempre estamos en b\u00fasqueda de profesionales en las \u00e1reas de:<\/p><ul><li>Contabilidad y Finanzas<\/li><li>Psicolog\u00eda Organizacional<\/li><li>Desarrollo Humano<\/li><li>Administraci\u00f3n<\/li><li>Marketing<\/li><li>Ventas con Servicio al Cliente<\/li><li>\u00a0Etc.<\/li><\/ul><h3 class=\"title\">Implementamos asesor\u00edas, workshops, conferencias, EVENTOS y cursos.<\/h3><\/div><\/div>\t\t\t\t\t\t\t\t<\/div>\n\t\t\t\t<\/div>\n\t\t\t\t\t<\/div>\n\t\t<\/div>\n\t\t\t\t\t<\/div>\n\t\t<\/section>\n\t\t\t\t<section class=\"elementor-section elementor-top-section elementor-element elementor-element-901360f elementor-section-boxed elementor-section-height-default elementor-section-height-default\" data-id=\"901360f\" data-element_type=\"section\">\n\t\t\t\t\t\t<div class=\"elementor-container elementor-column-gap-default\">\n\t\t\t\t\t<div class=\"elementor-column elementor-col-100 elementor-top-column elementor-element elementor-element-7622229\" data-id=\"7622229\" data-element_type=\"column\">\n\t\t\t<div class=\"elementor-widget-wrap elementor-element-populated\">\n\t\t\t\t\t\t<div class=\"elementor-element elementor-element-b57facf elementor-widget elementor-widget-wpforms\" data-id=\"b57facf\" data-element_type=\"widget\" data-widget_type=\"wpforms.default\">\n\t\t\t\t<div class=\"elementor-widget-container\">\n\t\t\t\t\t<div class=\"wpforms-container wpforms-container-full\" id=\"wpforms-750\"><form id=\"wpforms-form-750\" class=\"wpforms-validate wpforms-form wpforms-ajax-form\" data-formid=\"750\" method=\"post\" enctype=\"multipart\/form-data\" action=\"\/en\/wp-json\/wp\/v2\/pages\/715\" data-token=\"f2738eef9e8a792d0cd78c31800b40f8\" data-token-time=\"1775275330\" data-trp-original-action=\"\/en\/wp-json\/wp\/v2\/pages\/715\"><noscript class=\"wpforms-error-noscript\">Please enable JavaScript in your browser to complete this form.<\/noscript><div class=\"wpforms-field-container\"><div id=\"wpforms-750-field_1-container\" class=\"wpforms-field wpforms-field-name\" data-field-id=\"1\"><label class=\"wpforms-field-label\">Name <span class=\"wpforms-required-label\">*<\/span><\/label><div class=\"wpforms-field-row wpforms-field-medium\"><div class=\"wpforms-field-row-block wpforms-first wpforms-one-half\"><input type=\"text\" id=\"wpforms-750-field_1\" class=\"wpforms-field-name-first wpforms-field-required\" name=\"wpforms[fields][1][first]\" required><label for=\"wpforms-750-field_1\" class=\"wpforms-field-sublabel after\">First<\/label><\/div><div class=\"wpforms-field-row-block wpforms-one-half\"><input type=\"text\" id=\"wpforms-750-field_1-last\" class=\"wpforms-field-name-last wpforms-field-required\" name=\"wpforms[fields][1][last]\" required><label for=\"wpforms-750-field_1-last\" class=\"wpforms-field-sublabel after\">Last<\/label><\/div><\/div><\/div><div id=\"wpforms-750-field_2-container\" class=\"wpforms-field wpforms-field-email\" data-field-id=\"2\"><label class=\"wpforms-field-label\" for=\"wpforms-750-field_2\">Email <span class=\"wpforms-required-label\">*<\/span><\/label><input type=\"email\" id=\"wpforms-750-field_2\" class=\"wpforms-field-medium wpforms-field-required\" name=\"wpforms[fields][2]\" spellcheck=\"false\" required><\/div><\/div><!-- .wpforms-field-container --><div class=\"wpforms-submit-container\" ><input type=\"hidden\" name=\"wpforms[id]\" value=\"750\"><input type=\"hidden\" name=\"page_title\" value=\"\"><input type=\"hidden\" name=\"page_url\" value=\"https:\/\/sciesc.com.mx\/en\/wp-json\/wp\/v2\/pages\/715\"><input type=\"hidden\" name=\"url_referer\" value=\"\"><button type=\"submit\" name=\"wpforms[submit]\" id=\"wpforms-submit-750\" class=\"wpforms-submit\" data-alt-text=\"Sending...\" data-submit-text=\"Submit\" aria-live=\"assertive\" value=\"wpforms-submit\">Submit<\/button><img decoding=\"async\" src=\"https:\/\/sciesc.com.mx\/wp-content\/plugins\/wpforms-lite\/assets\/images\/submit-spin.svg\" class=\"wpforms-submit-spinner\" style=\"display: none;\" width=\"26\" height=\"26\" alt=\"Loading\"><\/div><input type=\"hidden\" name=\"trp-form-language\" value=\"en\"\/><\/form><\/div>  <!-- .wpforms-container -->\t\t\t\t<\/div>\n\t\t\t\t<\/div>\n\t\t\t\t\t<\/div>\n\t\t<\/div>\n\t\t\t\t\t<\/div>\n\t\t<\/section>\n\t\t\t\t<\/div>","protected":false},"excerpt":{"rendered":"<p>Trascencdecia de valores Estamos orgullosos de ser aliados de la Fundaci\u00f3n IntegraCo una ONG que alienta a los ni\u00f1os y j\u00f3venes y mujeres a ser emprendedores, provey\u00e9ndoles de recursos espirituales, cognitivos y econ\u00f3micos para desarrollar su potencial en Norteamerica, Centroam\u00e9rica y Sudamerica. Promoviendo eventos Health, Educaci\u00f3n, Deporte y exparcimiento. Apoyados por instituciones p\u00fablicas y privadas, [&hellip;]<\/p>","protected":false},"author":2,"featured_media":0,"parent":0,"menu_order":0,"comment_status":"closed","ping_status":"closed","template":"","meta":{"footnotes":""},"class_list":["post-715","page","type-page","status-publish","hentry"],"_links":{"self":[{"href":"https:\/\/sciesc.com.mx\/en\/wp-json\/wp\/v2\/pages\/715","targetHints":{"allow":["GET"]}}],"collection":[{"href":"https:\/\/sciesc.com.mx\/en\/wp-json\/wp\/v2\/pages"}],"about":[{"href":"https:\/\/sciesc.com.mx\/en\/wp-json\/wp\/v2\/types\/page"}],"author":[{"embeddable":true,"href":"https:\/\/sciesc.com.mx\/en\/wp-json\/wp\/v2\/users\/2"}],"replies":[{"embeddable":true,"href":"https:\/\/sciesc.com.mx\/en\/wp-json\/wp\/v2\/comments?post=715"}],"version-history":[{"count":7,"href":"https:\/\/sciesc.com.mx\/en\/wp-json\/wp\/v2\/pages\/715\/revisions"}],"predecessor-version":[{"id":1017,"href":"https:\/\/sciesc.com.mx\/en\/wp-json\/wp\/v2\/pages\/715\/revisions\/1017"}],"wp:attachment":[{"href":"https:\/\/sciesc.com.mx\/en\/wp-json\/wp\/v2\/media?parent=715"}],"curies":[{"name":"wp","href":"https:\/\/api.w.org\/{rel}","templated":true}]}}